{"id":41,"date":"2020-05-10T20:44:03","date_gmt":"2020-05-10T18:44:03","guid":{"rendered":"http:\/\/ledonduvent.com\/?page_id=41"},"modified":"2025-05-09T12:45:59","modified_gmt":"2025-05-09T10:45:59","slug":"message","status":"publish","type":"page","link":"https:\/\/ledonduvent.com\/en\/message\/","title":{"rendered":"Message"},"content":{"rendered":"<div class=\"vc_row wpb_row vc_row-fluid blocontact\" ><div class=\"wpb_column vc_column_container vc_col-sm-12\"><div class=\"vc_column-inner\"><div class=\"wpb_wrapper\">\n\t<div class=\"wpb_text_column wpb_content_element\" >\n\t\t<div class=\"wpb_wrapper\">\n\t\t\t<h4 style=\"text-align: center;\">07 66 10 41 41<\/h4>\n<h4 style=\"text-align: center;\"><a href=\"mailto:bonjour@ledonduvent.com\">bonjour@ledonduvent.com<\/a><\/h4>\n\n\t\t<\/div>\n\t<\/div>\n\n\t<div class=\"wpb_text_column wpb_content_element\" >\n\t\t<div class=\"wpb_wrapper\">\n\t\t\t<p><a href=\"https:\/\/www.instagram.com\/ledonduvent\/\" target=\"_blank\" rel=\"noopener noreferrer\"><img loading=\"lazy\" decoding=\"async\" class=\"aligncenter size-full wp-image-1101\" src=\"https:\/\/ledonduvent.com\/wp-content\/uploads\/instagram-bleu-01.png\" alt=\"\" width=\"30\" height=\"30\" \/><\/a><a href=\"https:\/\/www.facebook.com\/ledonduvent\/\" target=\"_blank\" rel=\"noopener noreferrer\"><img loading=\"lazy\" decoding=\"async\" class=\"aligncenter size-full wp-image-1099\" src=\"https:\/\/ledonduvent.com\/wp-content\/uploads\/facebook-bleu-01.png\" alt=\"\" width=\"30\" height=\"30\" \/><\/a><a href=\"https:\/\/fr.linkedin.com\/in\/benoit-bouchet-8b45052a\" target=\"_blank\" rel=\"noopener noreferrer\"><img loading=\"lazy\" decoding=\"async\" class=\"aligncenter size-full wp-image-1100\" src=\"https:\/\/ledonduvent.com\/wp-content\/uploads\/linkedin-bleu-01.png\" alt=\"\" width=\"30\" height=\"30\" \/><\/a><\/p>\n\n\t\t<\/div>\n\t<\/div>\n\n<div class=\"wpcf7 no-js\" id=\"wpcf7-f485-o1\" lang=\"fr-FR\" dir=\"ltr\">\n<div class=\"screen-reader-response\"><p role=\"status\" aria-live=\"polite\" aria-atomic=\"true\"><\/p> <ul><\/ul><\/div>\n<form action=\"\/en\/wp-json\/wp\/v2\/pages\/41#wpcf7-f485-o1\" method=\"post\" class=\"wpcf7-form init\" aria-label=\"Formulaire de contact\" novalidate=\"novalidate\" data-status=\"init\" data-trp-original-action=\"\/en\/wp-json\/wp\/v2\/pages\/41#wpcf7-f485-o1\">\n<div style=\"display: none;\">\n<input type=\"hidden\" name=\"_wpcf7\" value=\"485\" \/>\n<input type=\"hidden\" name=\"_wpcf7_version\" value=\"5.7.4\" \/>\n<input type=\"hidden\" name=\"_wpcf7_locale\" value=\"fr_FR\" \/>\n<input type=\"hidden\" name=\"_wpcf7_unit_tag\" value=\"wpcf7-f485-o1\" \/>\n<input type=\"hidden\" name=\"_wpcf7_container_post\" value=\"0\" \/>\n<input type=\"hidden\" name=\"_wpcf7_posted_data_hash\" value=\"\" \/>\n<\/div>\n<p><label><span class=\"wpcf7-form-control-wrap\" data-name=\"your-name\"><input size=\"40\" class=\"wpcf7-form-control wpcf7-text wpcf7-validates-as-required\" aria-required=\"true\" aria-invalid=\"false\" placeholder=\"Name :\" value=\"\" type=\"text\" name=\"your-name\" \/><\/span><\/label>\n<\/p>\n<p><label><span class=\"wpcf7-form-control-wrap\" data-name=\"your-email\"><input size=\"40\" class=\"wpcf7-form-control wpcf7-text wpcf7-email wpcf7-validates-as-required wpcf7-validates-as-email\" aria-required=\"true\" aria-invalid=\"false\" placeholder=\"Email :\" value=\"\" type=\"email\" name=\"your-email\" \/><\/span><\/label>\n<\/p>\n<p><label><span class=\"wpcf7-form-control-wrap\" data-name=\"tel-193\"><input size=\"40\" class=\"wpcf7-form-control wpcf7-text wpcf7-tel wpcf7-validates-as-required wpcf7-validates-as-tel\" aria-required=\"true\" aria-invalid=\"false\" placeholder=\"Telephone number :\" value=\"\" type=\"tel\" name=\"tel-193\" \/><\/span><\/label>\n<\/p>\n<p><label><span class=\"wpcf7-form-control-wrap\" data-name=\"your-message\"><textarea cols=\"40\" rows=\"10\" class=\"wpcf7-form-control wpcf7-textarea\" aria-invalid=\"false\" placeholder=\"Message : I am a professional \/ private individual and I would like to reserve the yacht for the following date, number of people, to celebrate...\" name=\"your-message\"><\/textarea><\/span> <\/label>\n<\/p>\n<p style=\"text-align:center;\"><input class=\"wpcf7-form-control has-spinner wpcf7-submit\" type=\"submit\" value=\"Send\" \/>\n<\/p><div class=\"wpcf7-response-output\" aria-hidden=\"true\"><\/div>\n<input type=\"hidden\" name=\"trp-form-language\" value=\"en\"\/><\/form>\n<\/div>\n<\/div><\/div><\/div><\/div>\n<p style=\"text-align: center;\"><b>From Marseille Saint-Charles TGV station : <\/b><span style=\"font-weight: 400;\">Metro M1 to Vieux-Port station or Bus 82S to H\u00f4tel de Ville stop.<br \/>\n<\/span><strong>Parking : <\/strong>Q-Park Port H\u00f4tel de Ville, Passage Pentecontore, 19 Rue de la Loge, 2min walk.<\/p>\n<p>&nbsp;<\/p>\n<p>&nbsp;<\/p>\n<p>&nbsp;<\/p>\n<p>&nbsp;<\/p>","protected":false},"excerpt":{"rendered":"<p>Depuis la gare TGV Marseille Saint-Charles : m\u00e9tro M1 jusqu&rsquo;\u00e0 la station Vieux-Port ou Bus 82S jusqu&rsquo;\u00e0 l&rsquo;arr\u00eat H\u00f4tel de Ville. Parking : Q-Park Port H\u00f4tel de Ville, Passage Pentecontore, 19 Rue de la Loge, \u00e0 2min \u00e0 pieds. &nbsp; [&hellip;]<\/p>","protected":false},"author":2,"featured_media":0,"parent":0,"menu_order":0,"comment_status":"closed","ping_status":"closed","template":"","meta":{"inline_featured_image":false,"_uag_custom_page_level_css":"","footnotes":""},"class_list":["post-41","page","type-page","status-publish","hentry"],"yoast_head":"<!-- This site is optimized with the Yoast SEO plugin v24.9 - https:\/\/yoast.com\/wordpress\/plugins\/seo\/ -->\n<title>Message | Le Don du Vent<\/title>\n<meta name=\"description\" content=\"Contactez Le Don du Vent pour devis &amp; informations. Location de Voilier \u00e0 Marseille - Le Don du Vent - Bateau d\u2019Int\u00e9r\u00eat Patrimonial - Parc des Calanques. Contacts : BENO\u00ceT BOUCHET, FANNY BOUCHET, BENO\u00ceT PAYAN\" \/>\n<meta name=\"robots\" content=\"index, follow, max-snippet:-1, max-image-preview:large, max-video-preview:-1\" \/>\n<link rel=\"canonical\" href=\"https:\/\/ledonduvent.com\/en\/message\/\" \/>\n<meta property=\"og:locale\" content=\"en_GB\" \/>\n<meta property=\"og:type\" content=\"article\" \/>\n<meta property=\"og:title\" content=\"Message | Le Don du Vent\" \/>\n<meta property=\"og:description\" content=\"Contactez Le Don du Vent pour devis &amp; informations. Location de Voilier \u00e0 Marseille - Le Don du Vent - Bateau d\u2019Int\u00e9r\u00eat Patrimonial - Parc des Calanques. Contacts : BENO\u00ceT BOUCHET, FANNY BOUCHET, BENO\u00ceT PAYAN\" \/>\n<meta property=\"og:url\" content=\"https:\/\/ledonduvent.com\/en\/message\/\" \/>\n<meta property=\"og:site_name\" content=\"Le Don du Vent\" \/>\n<meta property=\"article:publisher\" content=\"https:\/\/www.facebook.com\/ledonduvent\/\" \/>\n<meta property=\"article:modified_time\" content=\"2025-05-09T10:45:59+00:00\" \/>\n<meta property=\"og:image\" content=\"https:\/\/ledonduvent.com\/wp-content\/uploads\/DDV-SOCIALSHARE.png\" \/>\n\t<meta property=\"og:image:width\" content=\"1819\" \/>\n\t<meta property=\"og:image:height\" content=\"633\" \/>\n\t<meta property=\"og:image:type\" content=\"image\/png\" \/>\n<meta name=\"twitter:card\" content=\"summary_large_image\" \/>\n<meta name=\"twitter:label1\" content=\"Estimated reading time\" \/>\n\t<meta name=\"twitter:data1\" content=\"1 minute\" \/>\n<script type=\"application\/ld+json\" class=\"yoast-schema-graph\">{\"@context\":\"https:\/\/schema.org\",\"@graph\":[{\"@type\":\"WebPage\",\"@id\":\"https:\/\/ledonduvent.com\/message\/\",\"url\":\"https:\/\/ledonduvent.com\/message\/\",\"name\":\"Message | Le Don du Vent\",\"isPartOf\":{\"@id\":\"https:\/\/ledonduvent.com\/#website\"},\"primaryImageOfPage\":{\"@id\":\"https:\/\/ledonduvent.com\/message\/#primaryimage\"},\"image\":{\"@id\":\"https:\/\/ledonduvent.com\/message\/#primaryimage\"},\"thumbnailUrl\":\"https:\/\/ledonduvent.com\/wp-content\/uploads\/instagram-bleu-01.png\",\"datePublished\":\"2020-05-10T18:44:03+00:00\",\"dateModified\":\"2025-05-09T10:45:59+00:00\",\"description\":\"Contactez Le Don du Vent pour devis & informations. Location de Voilier \u00e0 Marseille - Le Don du Vent - Bateau d\u2019Int\u00e9r\u00eat Patrimonial - Parc des Calanques. Contacts : BENO\u00ceT BOUCHET, FANNY BOUCHET, BENO\u00ceT PAYAN\",\"breadcrumb\":{\"@id\":\"https:\/\/ledonduvent.com\/message\/#breadcrumb\"},\"inLanguage\":\"en-GB\",\"potentialAction\":[{\"@type\":\"ReadAction\",\"target\":[\"https:\/\/ledonduvent.com\/message\/\"]}]},{\"@type\":\"ImageObject\",\"inLanguage\":\"en-GB\",\"@id\":\"https:\/\/ledonduvent.com\/message\/#primaryimage\",\"url\":\"https:\/\/ledonduvent.com\/wp-content\/uploads\/instagram-bleu-01.png\",\"contentUrl\":\"https:\/\/ledonduvent.com\/wp-content\/uploads\/instagram-bleu-01.png\"},{\"@type\":\"BreadcrumbList\",\"@id\":\"https:\/\/ledonduvent.com\/message\/#breadcrumb\",\"itemListElement\":[{\"@type\":\"ListItem\",\"position\":1,\"name\":\"Accueil\",\"item\":\"https:\/\/ledonduvent.com\/\"},{\"@type\":\"ListItem\",\"position\":2,\"name\":\"Message\"}]},{\"@type\":\"WebSite\",\"@id\":\"https:\/\/ledonduvent.com\/#website\",\"url\":\"https:\/\/ledonduvent.com\/\",\"name\":\"Le Don du Vent\",\"description\":\"Bateau d&#039;Int\u00e9r\u00eat Patrimonial | Parc des Calanques | Location de Voilier \u00e0 Marseille\",\"publisher\":{\"@id\":\"https:\/\/ledonduvent.com\/#organization\"},\"potentialAction\":[{\"@type\":\"SearchAction\",\"target\":{\"@type\":\"EntryPoint\",\"urlTemplate\":\"https:\/\/ledonduvent.com\/?s={search_term_string}\"},\"query-input\":{\"@type\":\"PropertyValueSpecification\",\"valueRequired\":true,\"valueName\":\"search_term_string\"}}],\"inLanguage\":\"en-GB\"},{\"@type\":\"Organization\",\"@id\":\"https:\/\/ledonduvent.com\/#organization\",\"name\":\"Le Don du Vent\",\"url\":\"https:\/\/ledonduvent.com\/\",\"logo\":{\"@type\":\"ImageObject\",\"inLanguage\":\"en-GB\",\"@id\":\"https:\/\/ledonduvent.com\/#\/schema\/logo\/image\/\",\"url\":\"https:\/\/ledonduvent.com\/wp-content\/uploads\/facebook-ledonduvent.jpg\",\"contentUrl\":\"https:\/\/ledonduvent.com\/wp-content\/uploads\/facebook-ledonduvent.jpg\",\"width\":1200,\"height\":630,\"caption\":\"Le Don du Vent\"},\"image\":{\"@id\":\"https:\/\/ledonduvent.com\/#\/schema\/logo\/image\/\"},\"sameAs\":[\"https:\/\/www.facebook.com\/ledonduvent\/\",\"https:\/\/www.instagram.com\/ledonduvent\/\",\"https:\/\/fr.linkedin.com\/in\/benoit-bouchet-8b45052a\"]}]}<\/script>\n<!-- \/ Yoast SEO plugin. -->","yoast_head_json":{"title":"Message | Le Don du Vent","description":"Contactez Le Don du Vent pour devis & informations. Location de Voilier \u00e0 Marseille - Le Don du Vent - Bateau d\u2019Int\u00e9r\u00eat Patrimonial - Parc des Calanques. Contacts : BENO\u00ceT BOUCHET, FANNY BOUCHET, BENO\u00ceT PAYAN","robots":{"index":"index","follow":"follow","max-snippet":"max-snippet:-1","max-image-preview":"max-image-preview:large","max-video-preview":"max-video-preview:-1"},"canonical":"https:\/\/ledonduvent.com\/en\/message\/","og_locale":"en_GB","og_type":"article","og_title":"Message | Le Don du Vent","og_description":"Contactez Le Don du Vent pour devis & informations. Location de Voilier \u00e0 Marseille - Le Don du Vent - Bateau d\u2019Int\u00e9r\u00eat Patrimonial - Parc des Calanques. Contacts : BENO\u00ceT BOUCHET, FANNY BOUCHET, BENO\u00ceT PAYAN","og_url":"https:\/\/ledonduvent.com\/en\/message\/","og_site_name":"Le Don du Vent","article_publisher":"https:\/\/www.facebook.com\/ledonduvent\/","article_modified_time":"2025-05-09T10:45:59+00:00","og_image":[{"width":1819,"height":633,"url":"https:\/\/ledonduvent.com\/wp-content\/uploads\/DDV-SOCIALSHARE.png","type":"image\/png"}],"twitter_card":"summary_large_image","twitter_misc":{"Estimated reading time":"1 minute"},"schema":{"@context":"https:\/\/schema.org","@graph":[{"@type":"WebPage","@id":"https:\/\/ledonduvent.com\/message\/","url":"https:\/\/ledonduvent.com\/message\/","name":"Message | Le Don du Vent","isPartOf":{"@id":"https:\/\/ledonduvent.com\/#website"},"primaryImageOfPage":{"@id":"https:\/\/ledonduvent.com\/message\/#primaryimage"},"image":{"@id":"https:\/\/ledonduvent.com\/message\/#primaryimage"},"thumbnailUrl":"https:\/\/ledonduvent.com\/wp-content\/uploads\/instagram-bleu-01.png","datePublished":"2020-05-10T18:44:03+00:00","dateModified":"2025-05-09T10:45:59+00:00","description":"Contactez Le Don du Vent pour devis & informations. Location de Voilier \u00e0 Marseille - Le Don du Vent - Bateau d\u2019Int\u00e9r\u00eat Patrimonial - Parc des Calanques. Contacts : BENO\u00ceT BOUCHET, FANNY BOUCHET, BENO\u00ceT PAYAN","breadcrumb":{"@id":"https:\/\/ledonduvent.com\/message\/#breadcrumb"},"inLanguage":"en-GB","potentialAction":[{"@type":"ReadAction","target":["https:\/\/ledonduvent.com\/message\/"]}]},{"@type":"ImageObject","inLanguage":"en-GB","@id":"https:\/\/ledonduvent.com\/message\/#primaryimage","url":"https:\/\/ledonduvent.com\/wp-content\/uploads\/instagram-bleu-01.png","contentUrl":"https:\/\/ledonduvent.com\/wp-content\/uploads\/instagram-bleu-01.png"},{"@type":"BreadcrumbList","@id":"https:\/\/ledonduvent.com\/message\/#breadcrumb","itemListElement":[{"@type":"ListItem","position":1,"name":"Accueil","item":"https:\/\/ledonduvent.com\/"},{"@type":"ListItem","position":2,"name":"Message"}]},{"@type":"WebSite","@id":"https:\/\/ledonduvent.com\/#website","url":"https:\/\/ledonduvent.com\/","name":"Le Don du Vent","description":"Bateau d&#039;Int\u00e9r\u00eat Patrimonial | Parc des Calanques | Location de Voilier \u00e0 Marseille","publisher":{"@id":"https:\/\/ledonduvent.com\/#organization"},"potentialAction":[{"@type":"SearchAction","target":{"@type":"EntryPoint","urlTemplate":"https:\/\/ledonduvent.com\/?s={search_term_string}"},"query-input":{"@type":"PropertyValueSpecification","valueRequired":true,"valueName":"search_term_string"}}],"inLanguage":"en-GB"},{"@type":"Organization","@id":"https:\/\/ledonduvent.com\/#organization","name":"Le Don du Vent","url":"https:\/\/ledonduvent.com\/","logo":{"@type":"ImageObject","inLanguage":"en-GB","@id":"https:\/\/ledonduvent.com\/#\/schema\/logo\/image\/","url":"https:\/\/ledonduvent.com\/wp-content\/uploads\/facebook-ledonduvent.jpg","contentUrl":"https:\/\/ledonduvent.com\/wp-content\/uploads\/facebook-ledonduvent.jpg","width":1200,"height":630,"caption":"Le Don du Vent"},"image":{"@id":"https:\/\/ledonduvent.com\/#\/schema\/logo\/image\/"},"sameAs":["https:\/\/www.facebook.com\/ledonduvent\/","https:\/\/www.instagram.com\/ledonduvent\/","https:\/\/fr.linkedin.com\/in\/benoit-bouchet-8b45052a"]}]}},"uagb_featured_image_src":{"full":false,"thumbnail":false,"medium":false,"medium_large":false,"large":false,"1536x1536":false,"2048x2048":false,"trp-custom-language-flag":false,"aalto_edge_square":false,"aalto_edge_landscape":false,"aalto_edge_portrait":false,"aalto_edge_huge":false,"photoswipe_thumbnails":false,"photoswipe_full":false},"uagb_author_info":{"display_name":"admin","author_link":"https:\/\/ledonduvent.com\/en\/author\/admin\/"},"uagb_comment_info":0,"uagb_excerpt":"Depuis la gare TGV Marseille Saint-Charles : m\u00e9tro M1 jusqu&rsquo;\u00e0 la station Vieux-Port ou Bus 82S jusqu&rsquo;\u00e0 l&rsquo;arr\u00eat H\u00f4tel de Ville. Parking : Q-Park Port H\u00f4tel de Ville, Passage Pentecontore, 19 Rue de la Loge, \u00e0 2min \u00e0 pieds. &nbsp; [&hellip;]","_links":{"self":[{"href":"https:\/\/ledonduvent.com\/en\/wp-json\/wp\/v2\/pages\/41","targetHints":{"allow":["GET"]}}],"collection":[{"href":"https:\/\/ledonduvent.com\/en\/wp-json\/wp\/v2\/pages"}],"about":[{"href":"https:\/\/ledonduvent.com\/en\/wp-json\/wp\/v2\/types\/page"}],"author":[{"embeddable":true,"href":"https:\/\/ledonduvent.com\/en\/wp-json\/wp\/v2\/users\/2"}],"replies":[{"embeddable":true,"href":"https:\/\/ledonduvent.com\/en\/wp-json\/wp\/v2\/comments?post=41"}],"version-history":[{"count":14,"href":"https:\/\/ledonduvent.com\/en\/wp-json\/wp\/v2\/pages\/41\/revisions"}],"predecessor-version":[{"id":2072,"href":"https:\/\/ledonduvent.com\/en\/wp-json\/wp\/v2\/pages\/41\/revisions\/2072"}],"wp:attachment":[{"href":"https:\/\/ledonduvent.com\/en\/wp-json\/wp\/v2\/media?parent=41"}],"curies":[{"name":"wp","href":"https:\/\/api.w.org\/{rel}","templated":true}]}}