{"id":3208,"date":"2023-07-26T18:05:09","date_gmt":"2023-07-26T16:05:09","guid":{"rendered":"https:\/\/ledonduvent.com\/?page_id=3208"},"modified":"2025-05-09T12:46:59","modified_gmt":"2025-05-09T10:46:59","slug":"mentions-legales","status":"publish","type":"page","link":"https:\/\/ledonduvent.com\/en\/mentions-legales\/","title":{"rendered":"Legal information"},"content":{"rendered":"<div class=\"vc_row wpb_row vc_row-fluid cgv\" ><div class=\"wpb_column vc_column_container vc_col-sm-12\"><div class=\"vc_column-inner\"><div class=\"wpb_wrapper\"><div class=\"vc_empty_space\"   style=\"height: 150px\" ><span class=\"vc_empty_space_inner\"><\/span><\/div>\n\n\t<div class=\"wpb_text_column wpb_content_element\" >\n\t\t<div class=\"wpb_wrapper\">\n\t\t\t<h4 style=\"text-align: left;\">Conditions of the excursion<\/h4>\n<div>\n<div>LE DON DU VENT reserves the right to modify tours or cancel services in the event of bad weather. Only the captain is authorised to judge sailing conditions and is liable to cancel a maritime service. In the event of cancellation by LE DON DU VENT, passengers may be reimbursed or the excursion may be postponed to another date with your agreement. Swimming is authorised during stopovers under your responsibility. Under no circumstances may the loan of swimming equipment be considered as a supervised nautical activity. Passengers undertake in all cases to abide by the rules and regulations on board the vessels, drawn up by LE DON DU VENT, and to submit to the orders of the captain and his attendants. Passengers must report to the pontoon door at least 5 minutes before boarding time. No refund will be given if passengers are late.<\/div>\n<\/div>\n\n\t\t<\/div>\n\t<\/div>\n<div class=\"vc_empty_space\"   style=\"height: 50px\" ><span class=\"vc_empty_space_inner\"><\/span><\/div>\n\n\t<div class=\"wpb_text_column wpb_content_element\" >\n\t\t<div class=\"wpb_wrapper\">\n\t\t\t<h4 style=\"text-align: left;\">Passenger health<\/h4>\n<div>\n<p>Passengers must inform LE DON DU VENT of any contraindication or inaptitude that would prevent them from taking part in the services offered by LE DON DU VENT (nautical activities: sea excursions, water sports, swimming, snorkelling, etc.). Passengers embark under their own responsibility and cannot hold LE DON DU VENT responsible in the event of physical injury related to their state of health (disability, illness, etc...), either on board or during embarkation or disembarkation operations, or during water sports or aquatic activities. Passengers who, due to their state of health, require special assistance during the excursion or water sports activities (persons with reduced mobility, visually impaired, etc.) are invited to inform the crew or captain of LE DON DU VENT at the time of booking and on boarding. COMPANY NAME: AU GR\u00c9 DU VENT BUSINESS NAME: LE DON DU VENT Registered Office: 20 Boulevard Louis Salvator 13006 MARSEILLE SIRET: 43392107900029 RCS de Marseille GENERAL CONDITIONS OF SALE<\/p>\n<\/div>\n\n\t\t<\/div>\n\t<\/div>\n<div class=\"vc_empty_space\"   style=\"height: 50px\" ><span class=\"vc_empty_space_inner\"><\/span><\/div>\n\n\t<div class=\"wpb_text_column wpb_content_element\" >\n\t\t<div class=\"wpb_wrapper\">\n\t\t\t<h4 style=\"text-align: left;\">Pregnant women<\/h4>\n<div>\n<p>Pregnant women may take part in a sea excursion, under their own responsibility, after 2 months and up to 6 months of pregnancy, subject to presentation to LE DON DU VENT of a medical certificate stating that they are not contra-indicated to sea navigation. However, LE DON DU VENT cannot be held liable for any reason whatsoever in the event of physical injury. LE DON DU VENT cannot be held responsible in the event of physical injury or any other incident related to pregnancy.<\/p>\n<\/div>\n\n\t\t<\/div>\n\t<\/div>\n<div class=\"vc_empty_space\"   style=\"height: 50px\" ><span class=\"vc_empty_space_inner\"><\/span><\/div>\n\n\t<div class=\"wpb_text_column wpb_content_element\" >\n\t\t<div class=\"wpb_wrapper\">\n\t\t\t<h4 style=\"text-align: left;\">Minors<\/h4>\n<div>\n<p>LE DON DU VENT does not transport unaccompanied minors. They will embark and take part in excursions, as well as nautical and aquatic activities, under the sole responsibility of their accompanying adult(s). Children aged between 10 months and 6 years must wear a suitable lifejacket. Parents must inform LE DON DU VENT of their presence when booking or before boarding.<\/p>\n<\/div>\n\n\t\t<\/div>\n\t<\/div>\n<div class=\"vc_empty_space\"   style=\"height: 50px\" ><span class=\"vc_empty_space_inner\"><\/span><\/div>\n\n\t<div class=\"wpb_text_column wpb_content_element\" >\n\t\t<div class=\"wpb_wrapper\">\n\t\t\t<h4 style=\"text-align: left;\">Passenger behaviour<\/h4>\n<div>\n<p>Durant la navigation les passagers devront rester assis. Ils devront se conformer lors des ope\u0301rations d\u2019embarquement et de de\u0301barquement, ainsi qu\u2019a\u0300 bord, au re\u0300glement du navire, notamment celui e\u0301tabli par LE DON DU VENT et, d\u2019une manie\u0300re ge\u0301ne\u0301rale, se soumettre aux recommandations ou instructions du capitaine ou de ses pre\u0301pose\u0301s. LE DON DU VENT de\u0301cline toute responsabilite\u0301 pour tous les dommages corporels survenus aux passagers qui ne se seront pas conforme\u0301s a\u0300 cette prescription, soit a\u0300 bord, soit pendant les ope\u0301rations d\u2019embarquement ou de de\u0301barquement. Passengers will be held responsible for any damage of any nature whatsoever that they may cause to themselves, or to other passengers, to third parties, or to the persons and property of LE DON DU VENT. The same applies to any damage of any kind caused by persons or property in the care of passengers. LE DON DU VENT authorises swimming during excursions during \"swimming breaks\" in the calanques. However, swimming is not supervised and takes place under the passengers' own responsibility. Minors remain under the responsibility of their accompanying adult(s). People who do not know how to swim or who swim badly must inform the sailing staff. LE DON DU VENT provides passengers with life jackets. LE DON DU VENT declines all responsibility in the event of incidents or personal injury during swimming.<\/p>\n<\/div>\n\n\t\t<\/div>\n\t<\/div>\n<div class=\"vc_empty_space\"   style=\"height: 50px\" ><span class=\"vc_empty_space_inner\"><\/span><\/div>\n\n\t<div class=\"wpb_text_column wpb_content_element\" >\n\t\t<div class=\"wpb_wrapper\">\n\t\t\t<h4 style=\"text-align: left;\">Bodily injury<\/h4>\n<div>\n<p>Any damage occurring during excursions or water sports activities must be reported by the passenger to LE DON DU VENT before leaving the ship. Passengers must report any damage to their person and\/or property (personal objects, etc.) to the ship's staff. LE DON DU VENT will draw up a joint report in the presence of the passenger(s) concerned before leaving the vessel. Failing to comply with this requirement, passengers will be presumed to have disembarked safe and sound and their belongings in good condition. LE DON DU VENT declines all responsibility, except in the cases provided for in articles L5421-2 and following of the French Transport Code, for accidents involving physical injury occurring during navigation, excursions or nautical and aquatic activities, or during embarkation or disembarkation operations, either at the ports of departure or destination, or at the ports of call, or at sea during swimming.<\/p>\n<\/div>\n\n\t\t<\/div>\n\t<\/div>\n<div class=\"vc_empty_space\"   style=\"height: 50px\" ><span class=\"vc_empty_space_inner\"><\/span><\/div>\n\n\t<div class=\"wpb_text_column wpb_content_element\" >\n\t\t<div class=\"wpb_wrapper\">\n\t\t\t<h4 style=\"text-align: left;\">Personal items<\/h4>\n<div>\n<p>Passengers may take on board their personal equipment (camera, mask, snorkel, flippers) under their own responsibility. LE DON DU VENT declines all responsibility for luggage, objects or personal equipment taken on board by passengers, as well as for money, jewellery or other valuables which remain during excursions and any other activity offered by LE DON DU VENT, under the exclusive responsibility of their owners.<\/p>\n<\/div>\n\n\t\t<\/div>\n\t<\/div>\n<div class=\"vc_empty_space\"   style=\"height: 50px\" ><span class=\"vc_empty_space_inner\"><\/span><\/div>\n\n\t<div class=\"wpb_text_column wpb_content_element\" >\n\t\t<div class=\"wpb_wrapper\">\n\t\t\t<h4 style=\"text-align: left;\">Free loan of equipment<\/h4>\n<div>\n<p>LE DON DU VENT provides passengers, free of charge, with equipment for the nautical and aquatic activities it offers (masks, snorkels, windbreakers, etc.). In such cases, the defectiveness or lack of equipment does not entitle the passenger to any reimbursement or reduction whatsoever. LE DON DU VENT reserves the right to take legal action against passengers who have deliberately damaged or defaced the equipment loaned free of charge.<\/p>\n<\/div>\n\n\t\t<\/div>\n\t<\/div>\n<div class=\"vc_empty_space\"   style=\"height: 50px\" ><span class=\"vc_empty_space_inner\"><\/span><\/div>\n\n\t<div class=\"wpb_text_column wpb_content_element\" >\n\t\t<div class=\"wpb_wrapper\">\n\t\t\t<h4 style=\"text-align: left;\">Consumption during the excursion<\/h4>\n<div>\n<p>On excursions organized by LE DON DU VENT, the moderate consumption of alcohol and tobacco is permitted. For reasons of passenger safety and comfort, LE DON DU VENT staff may limit or prohibit the consumption of alcohol or tobacco. The consumption of drugs or other narcotics is strictly prohibited. LE DON DU VENT may take all necessary steps, or impose constraints, on passengers who, because of their behavior: endanger a person or a member of staff, damage or deteriorate property belonging to LE DON DU VENT, prevent staff from carrying out their duties, do not respect the recommendations and instructions of members of staff or the captain. LE DON DU VENT reserves the right to disembark passengers who, due to their behavior, endanger the safety, tranquility or comfort of other passengers or members of staff. Passengers will not be entitled to any refund.\n\nTranslated with www.DeepL.com\/Translator (free version)<\/p>\n<\/div>\n\n\t\t<\/div>\n\t<\/div>\n<div class=\"vc_empty_space\"   style=\"height: 50px\" ><span class=\"vc_empty_space_inner\"><\/span><\/div>\n\n\t<div class=\"wpb_text_column wpb_content_element\" >\n\t\t<div class=\"wpb_wrapper\">\n\t\t\t<h4 style=\"text-align: left;\">Booking cancellation conditions<\/h4>\n<div>\n<p>In the event of sailing being impossible, the captain reserves the right to cancel the service. Photos and videos during excursions LE DON DU VENT makes every effort to provide photos and illustrations giving an overview of the services selected. Unless expressly agreed in writing by DON DU VENT, it is strictly forbidden to use photos and videos taken during the excursion and representing all or part of the Vessel for commercial, promotional and\/or profit-making purposes. Unless explicitly stated otherwise, the passenger may not, under any circumstances, reproduce, represent, modify, transmit, publish, adapt, on any medium whatsoever, by any means whatsoever, or exploit in any way whatsoever for commercial, promotional or lucrative purposes all or part of the photos and videos taken during the excursion and representing all or part of the vessel LE DON DU VENT.\n\nTranslated with www.DeepL.com\/Translator (free version)<\/p>\n<\/div>\n\n\t\t<\/div>\n\t<\/div>\n<div class=\"vc_empty_space\"   style=\"height: 50px\" ><span class=\"vc_empty_space_inner\"><\/span><\/div>\n\n\t<div class=\"wpb_text_column wpb_content_element\" >\n\t\t<div class=\"wpb_wrapper\">\n\t\t\t<h4 style=\"text-align: left;\">Suggested activities<\/h4>\n<div>\n<p>It may happen that certain activities offered by LE DON DU VENT and indicated in the description on the Site are cancelled, notably for climatic reasons or in the event of force majeure.<\/p>\n<\/div>\n\n\t\t<\/div>\n\t<\/div>\n<div class=\"vc_empty_space\"   style=\"height: 50px\" ><span class=\"vc_empty_space_inner\"><\/span><\/div>\n\n\t<div class=\"wpb_text_column wpb_content_element\" >\n\t\t<div class=\"wpb_wrapper\">\n\t\t\t<h4 style=\"text-align: left;\">Responsibilities and warranties<\/h4>\n<div>\n<p>The liability of the maritime carrier is governed by the laws of June 18, 1966, January 3, 1967 and December 21, 1984. The carrier cannot be held liable in the event of schedule changes or cancellation of departures due to force majeure, fortuitous events or other reasons. Passengers must keep their ticket for inspection purposes. They undertake to respect the rules on board and to submit to the captain's orders. No claims will be accepted once the departure has taken place. The shipowner reserves the right to cancel or modify services in the event of bad weather.<\/p>\n<\/div>\n\n\t\t<\/div>\n\t<\/div>\n<div class=\"vc_empty_space\"   style=\"height: 50px\" ><span class=\"vc_empty_space_inner\"><\/span><\/div>\n\n\t<div class=\"wpb_text_column wpb_content_element\" >\n\t\t<div class=\"wpb_wrapper\">\n\t\t\t<h4 style=\"text-align: left;\">Applicable law<\/h4>\n<div>\n<p>The general terms and conditions, and more generally the contract concluded between the passenger and LE DON DU VENT are subject to French law. Any dispute relating to their conclusion, execution, termination and\/or interpretation shall be settled by the French courts.<\/p>\n<\/div>\n\n\t\t<\/div>\n\t<\/div>\n<div class=\"vc_empty_space\"   style=\"height: 150px\" ><span class=\"vc_empty_space_inner\"><\/span><\/div>\n<\/div><\/div><\/div><\/div>","protected":false},"excerpt":{"rendered":"Conditions de l\u2019excursion LE DON DU VENT se re\u0301serve le droit de modifier les circuits ou d'annuler les prestations en cas de mauvaises conditions me\u0301te\u0301o. Seul le capitaine est habilite\u0301 a\u0300 juger des conditions de navigation, et est susceptible d'annuler [...]","protected":false},"author":3,"featured_media":0,"parent":0,"menu_order":0,"comment_status":"closed","ping_status":"closed","template":"","meta":{"inline_featured_image":false,"_uag_custom_page_level_css":"","footnotes":""},"class_list":["post-3208","page","type-page","status-publish","hentry"],"yoast_head":"<!-- This site is optimized with the Yoast SEO plugin v24.9 - https:\/\/yoast.com\/wordpress\/plugins\/seo\/ -->\n<title>Mentions L\u00e9gales | Le Don du Vent<\/title>\n<meta name=\"robots\" content=\"index, follow, max-snippet:-1, max-image-preview:large, max-video-preview:-1\" \/>\n<link rel=\"canonical\" href=\"https:\/\/ledonduvent.com\/en\/mentions-legales\/\" \/>\n<meta property=\"og:locale\" content=\"en_GB\" \/>\n<meta property=\"og:type\" content=\"article\" \/>\n<meta property=\"og:title\" content=\"Mentions L\u00e9gales | Le Don du Vent\" \/>\n<meta property=\"og:url\" content=\"https:\/\/ledonduvent.com\/en\/mentions-legales\/\" \/>\n<meta property=\"og:site_name\" content=\"Le Don du Vent\" \/>\n<meta property=\"article:publisher\" content=\"https:\/\/www.facebook.com\/ledonduvent\/\" \/>\n<meta property=\"article:modified_time\" content=\"2025-05-09T10:46:59+00:00\" \/>\n<meta property=\"og:image\" content=\"https:\/\/ledonduvent.com\/wp-content\/uploads\/DDV-SOCIALSHARE.png\" \/>\n\t<meta property=\"og:image:width\" content=\"1819\" \/>\n\t<meta property=\"og:image:height\" content=\"633\" \/>\n\t<meta property=\"og:image:type\" content=\"image\/png\" \/>\n<meta name=\"twitter:card\" content=\"summary_large_image\" \/>\n<meta name=\"twitter:label1\" content=\"Estimated reading time\" \/>\n\t<meta name=\"twitter:data1\" content=\"9 minutes\" \/>\n<script type=\"application\/ld+json\" class=\"yoast-schema-graph\">{\"@context\":\"https:\/\/schema.org\",\"@graph\":[{\"@type\":\"WebPage\",\"@id\":\"https:\/\/ledonduvent.com\/mentions-legales\/\",\"url\":\"https:\/\/ledonduvent.com\/mentions-legales\/\",\"name\":\"Mentions L\u00e9gales | Le Don du Vent\",\"isPartOf\":{\"@id\":\"https:\/\/ledonduvent.com\/#website\"},\"datePublished\":\"2023-07-26T16:05:09+00:00\",\"dateModified\":\"2025-05-09T10:46:59+00:00\",\"breadcrumb\":{\"@id\":\"https:\/\/ledonduvent.com\/mentions-legales\/#breadcrumb\"},\"inLanguage\":\"en-GB\",\"potentialAction\":[{\"@type\":\"ReadAction\",\"target\":[\"https:\/\/ledonduvent.com\/mentions-legales\/\"]}]},{\"@type\":\"BreadcrumbList\",\"@id\":\"https:\/\/ledonduvent.com\/mentions-legales\/#breadcrumb\",\"itemListElement\":[{\"@type\":\"ListItem\",\"position\":1,\"name\":\"Accueil\",\"item\":\"https:\/\/ledonduvent.com\/\"},{\"@type\":\"ListItem\",\"position\":2,\"name\":\"Mentions L\u00e9gales\"}]},{\"@type\":\"WebSite\",\"@id\":\"https:\/\/ledonduvent.com\/#website\",\"url\":\"https:\/\/ledonduvent.com\/\",\"name\":\"Le Don du Vent\",\"description\":\"Bateau d&#039;Int\u00e9r\u00eat Patrimonial | Parc des Calanques | Location de Voilier \u00e0 Marseille\",\"publisher\":{\"@id\":\"https:\/\/ledonduvent.com\/#organization\"},\"potentialAction\":[{\"@type\":\"SearchAction\",\"target\":{\"@type\":\"EntryPoint\",\"urlTemplate\":\"https:\/\/ledonduvent.com\/?s={search_term_string}\"},\"query-input\":{\"@type\":\"PropertyValueSpecification\",\"valueRequired\":true,\"valueName\":\"search_term_string\"}}],\"inLanguage\":\"en-GB\"},{\"@type\":\"Organization\",\"@id\":\"https:\/\/ledonduvent.com\/#organization\",\"name\":\"Le Don du Vent\",\"url\":\"https:\/\/ledonduvent.com\/\",\"logo\":{\"@type\":\"ImageObject\",\"inLanguage\":\"en-GB\",\"@id\":\"https:\/\/ledonduvent.com\/#\/schema\/logo\/image\/\",\"url\":\"https:\/\/ledonduvent.com\/wp-content\/uploads\/facebook-ledonduvent.jpg\",\"contentUrl\":\"https:\/\/ledonduvent.com\/wp-content\/uploads\/facebook-ledonduvent.jpg\",\"width\":1200,\"height\":630,\"caption\":\"Le Don du Vent\"},\"image\":{\"@id\":\"https:\/\/ledonduvent.com\/#\/schema\/logo\/image\/\"},\"sameAs\":[\"https:\/\/www.facebook.com\/ledonduvent\/\",\"https:\/\/www.instagram.com\/ledonduvent\/\",\"https:\/\/fr.linkedin.com\/in\/benoit-bouchet-8b45052a\"]}]}<\/script>\n<!-- \/ Yoast SEO plugin. -->","yoast_head_json":{"title":"Mentions L\u00e9gales | Le Don du Vent","robots":{"index":"index","follow":"follow","max-snippet":"max-snippet:-1","max-image-preview":"max-image-preview:large","max-video-preview":"max-video-preview:-1"},"canonical":"https:\/\/ledonduvent.com\/en\/mentions-legales\/","og_locale":"en_GB","og_type":"article","og_title":"Mentions L\u00e9gales | Le Don du Vent","og_url":"https:\/\/ledonduvent.com\/en\/mentions-legales\/","og_site_name":"Le Don du Vent","article_publisher":"https:\/\/www.facebook.com\/ledonduvent\/","article_modified_time":"2025-05-09T10:46:59+00:00","og_image":[{"width":1819,"height":633,"url":"https:\/\/ledonduvent.com\/wp-content\/uploads\/DDV-SOCIALSHARE.png","type":"image\/png"}],"twitter_card":"summary_large_image","twitter_misc":{"Estimated reading time":"9 minutes"},"schema":{"@context":"https:\/\/schema.org","@graph":[{"@type":"WebPage","@id":"https:\/\/ledonduvent.com\/mentions-legales\/","url":"https:\/\/ledonduvent.com\/mentions-legales\/","name":"Mentions L\u00e9gales | Le Don du Vent","isPartOf":{"@id":"https:\/\/ledonduvent.com\/#website"},"datePublished":"2023-07-26T16:05:09+00:00","dateModified":"2025-05-09T10:46:59+00:00","breadcrumb":{"@id":"https:\/\/ledonduvent.com\/mentions-legales\/#breadcrumb"},"inLanguage":"en-GB","potentialAction":[{"@type":"ReadAction","target":["https:\/\/ledonduvent.com\/mentions-legales\/"]}]},{"@type":"BreadcrumbList","@id":"https:\/\/ledonduvent.com\/mentions-legales\/#breadcrumb","itemListElement":[{"@type":"ListItem","position":1,"name":"Accueil","item":"https:\/\/ledonduvent.com\/"},{"@type":"ListItem","position":2,"name":"Mentions L\u00e9gales"}]},{"@type":"WebSite","@id":"https:\/\/ledonduvent.com\/#website","url":"https:\/\/ledonduvent.com\/","name":"Le Don du Vent","description":"Bateau d&#039;Int\u00e9r\u00eat Patrimonial | Parc des Calanques | Location de Voilier \u00e0 Marseille","publisher":{"@id":"https:\/\/ledonduvent.com\/#organization"},"potentialAction":[{"@type":"SearchAction","target":{"@type":"EntryPoint","urlTemplate":"https:\/\/ledonduvent.com\/?s={search_term_string}"},"query-input":{"@type":"PropertyValueSpecification","valueRequired":true,"valueName":"search_term_string"}}],"inLanguage":"en-GB"},{"@type":"Organization","@id":"https:\/\/ledonduvent.com\/#organization","name":"Le Don du Vent","url":"https:\/\/ledonduvent.com\/","logo":{"@type":"ImageObject","inLanguage":"en-GB","@id":"https:\/\/ledonduvent.com\/#\/schema\/logo\/image\/","url":"https:\/\/ledonduvent.com\/wp-content\/uploads\/facebook-ledonduvent.jpg","contentUrl":"https:\/\/ledonduvent.com\/wp-content\/uploads\/facebook-ledonduvent.jpg","width":1200,"height":630,"caption":"Le Don du Vent"},"image":{"@id":"https:\/\/ledonduvent.com\/#\/schema\/logo\/image\/"},"sameAs":["https:\/\/www.facebook.com\/ledonduvent\/","https:\/\/www.instagram.com\/ledonduvent\/","https:\/\/fr.linkedin.com\/in\/benoit-bouchet-8b45052a"]}]}},"uagb_featured_image_src":{"full":false,"thumbnail":false,"medium":false,"medium_large":false,"large":false,"1536x1536":false,"2048x2048":false,"trp-custom-language-flag":false,"aalto_edge_square":false,"aalto_edge_landscape":false,"aalto_edge_portrait":false,"aalto_edge_huge":false,"photoswipe_thumbnails":false,"photoswipe_full":false},"uagb_author_info":{"display_name":"ddv","author_link":"https:\/\/ledonduvent.com\/en\/author\/ddv\/"},"uagb_comment_info":0,"uagb_excerpt":null,"_links":{"self":[{"href":"https:\/\/ledonduvent.com\/en\/wp-json\/wp\/v2\/pages\/3208","targetHints":{"allow":["GET"]}}],"collection":[{"href":"https:\/\/ledonduvent.com\/en\/wp-json\/wp\/v2\/pages"}],"about":[{"href":"https:\/\/ledonduvent.com\/en\/wp-json\/wp\/v2\/types\/page"}],"author":[{"embeddable":true,"href":"https:\/\/ledonduvent.com\/en\/wp-json\/wp\/v2\/users\/3"}],"replies":[{"embeddable":true,"href":"https:\/\/ledonduvent.com\/en\/wp-json\/wp\/v2\/comments?post=3208"}],"version-history":[{"count":1,"href":"https:\/\/ledonduvent.com\/en\/wp-json\/wp\/v2\/pages\/3208\/revisions"}],"predecessor-version":[{"id":3209,"href":"https:\/\/ledonduvent.com\/en\/wp-json\/wp\/v2\/pages\/3208\/revisions\/3209"}],"wp:attachment":[{"href":"https:\/\/ledonduvent.com\/en\/wp-json\/wp\/v2\/media?parent=3208"}],"curies":[{"name":"wp","href":"https:\/\/api.w.org\/{rel}","templated":true}]}}