{"id":28,"date":"2020-05-10T20:40:21","date_gmt":"2020-05-10T18:40:21","guid":{"rendered":"http:\/\/ledonduvent.com\/?page_id=28"},"modified":"2025-05-09T12:46:40","modified_gmt":"2025-05-09T10:46:40","slug":"nous","status":"publish","type":"page","link":"https:\/\/ledonduvent.com\/en\/nous\/","title":{"rendered":"OUR TEAM"},"content":{"rendered":"<div class=\"vc_row wpb_row vc_row-fluid bloclassic team vc_custom_1589820544914 vc_column-gap-10 vc_row-o-content-top vc_row-flex\" ><div class=\"wpb_column vc_column_container vc_col-sm-3\"><div class=\"vc_column-inner\"><div class=\"wpb_wrapper\">\n\t<div  class=\"wpb_single_image wpb_content_element vc_align_center  wpb_animate_when_almost_visible wpb_fadeInUp fadeInUp\">\n\t\t\n\t\t<figure class=\"wpb_wrapper vc_figure\">\n\t\t\t<div class=\"vc_single_image-wrapper   vc_box_border_grey\"><img loading=\"lazy\" decoding=\"async\" class=\"vc_single_image-img\" src=\"https:\/\/ledonduvent.com\/wp-content\/uploads\/photos-site.png\" width=\"161\" height=\"160\" alt=\"photos site\" title=\"photos site\" \/><\/div>\n\t\t<\/figure>\n\t<\/div>\n\n\t<div class=\"wpb_text_column wpb_content_element  wpb_animate_when_almost_visible wpb_fadeInUp fadeInUp\" >\n\t\t<div class=\"wpb_wrapper\">\n\t\t\t<h3 style=\"text-align: center;\">BENO\u00ceT BOUCHET<\/h3>\n<h4 style=\"text-align: center;\">Captain<\/h4>\n<p style=\"text-align: center;\"><a href=\"mailto:benoit@ledonduvent.com\">benoit@ledonduvent.com<\/a><\/p>\n\n\t\t<\/div>\n\t<\/div>\n<\/div><\/div><\/div><div class=\"wpb_column vc_column_container vc_col-sm-3\"><div class=\"vc_column-inner\"><div class=\"wpb_wrapper\">\n\t<div  class=\"wpb_single_image wpb_content_element vc_align_center  wpb_animate_when_almost_visible wpb_fadeInUp fadeInUp\">\n\t\t\n\t\t<figure class=\"wpb_wrapper vc_figure\">\n\t\t\t<div class=\"vc_single_image-wrapper   vc_box_border_grey\"><img loading=\"lazy\" decoding=\"async\" class=\"vc_single_image-img\" src=\"https:\/\/ledonduvent.com\/wp-content\/uploads\/photos-site-copie-6.png\" width=\"161\" height=\"161\" alt=\"photos site copie 6\" title=\"photos site copie 6\" \/><\/div>\n\t\t<\/figure>\n\t<\/div>\n\n\t<div class=\"wpb_text_column wpb_content_element  wpb_animate_when_almost_visible wpb_fadeInUp fadeInUp\" >\n\t\t<div class=\"wpb_wrapper\">\n\t\t\t<h3 style=\"text-align: center;\">FANNY BOUCHET<\/h3>\n<h4 style=\"text-align: center;\">Communication<\/h4>\n<p style=\"text-align: center;\"><a href=\"mailto:fanny@ledonduvent.com\">fanny@ledonduvent.com<\/a><\/p>\n\n\t\t<\/div>\n\t<\/div>\n<\/div><\/div><\/div><div class=\"wpb_column vc_column_container vc_col-sm-3\"><div class=\"vc_column-inner\"><div class=\"wpb_wrapper\">\n\t<div  class=\"wpb_single_image wpb_content_element vc_align_center  wpb_animate_when_almost_visible wpb_fadeInUp fadeInUp\">\n\t\t\n\t\t<figure class=\"wpb_wrapper vc_figure\">\n\t\t\t<div class=\"vc_single_image-wrapper   vc_box_border_grey\"><img loading=\"lazy\" decoding=\"async\" class=\"vc_single_image-img\" src=\"https:\/\/ledonduvent.com\/wp-content\/uploads\/photos-site-copie-4-2.png\" width=\"164\" height=\"163\" alt=\"photos site copie 4\" title=\"photos site copie 4\" \/><\/div>\n\t\t<\/figure>\n\t<\/div>\n\n\t<div class=\"wpb_text_column wpb_content_element  wpb_animate_when_almost_visible wpb_fadeInUp fadeInUp\" >\n\t\t<div class=\"wpb_wrapper\">\n\t\t\t<h3 style=\"text-align: center;\">CHLO\u00c9 KAEMMERER<\/h3>\n<h4 style=\"text-align: center;\">Administrative<\/h4>\n<p style=\"text-align: center;\"><a href=\"mailto:bonjour@ledonduvent.com\">bonjour@ledonduvent.com<\/a><\/p>\n\n\t\t<\/div>\n\t<\/div>\n<\/div><\/div><\/div><div class=\"wpb_column vc_column_container vc_col-sm-3\"><div class=\"vc_column-inner\"><div class=\"wpb_wrapper\">\n\t<div  class=\"wpb_single_image wpb_content_element vc_align_center  wpb_animate_when_almost_visible wpb_fadeInUp fadeInUp\">\n\t\t\n\t\t<figure class=\"wpb_wrapper vc_figure\">\n\t\t\t<div class=\"vc_single_image-wrapper   vc_box_border_grey\"><img loading=\"lazy\" decoding=\"async\" class=\"vc_single_image-img\" src=\"https:\/\/ledonduvent.com\/wp-content\/uploads\/photos-site-copie-5-1.png\" width=\"162\" height=\"162\" alt=\"photos site copie 5\" title=\"photos site copie 5\" \/><\/div>\n\t\t<\/figure>\n\t<\/div>\n\n\t<div class=\"wpb_text_column wpb_content_element  wpb_animate_when_almost_visible wpb_fadeInUp fadeInUp\" >\n\t\t<div class=\"wpb_wrapper\">\n\t\t\t<h3 style=\"text-align: center;\">C\u00c9LINE HANSMAENNEL<\/h3>\n<h4 style=\"text-align: center;\">Commercial<\/h4>\n<p style=\"text-align: center;\"><a href=\"mailto:bonjour@ledonduvent.com\">bonjour@ledonduvent.com<\/a><\/p>\n\n\t\t<\/div>\n\t<\/div>\n<\/div><\/div><\/div><\/div><div class=\"vc_row wpb_row vc_row-fluid bloclassic team vc_custom_1589820544914 vc_column-gap-10 vc_row-o-content-top vc_row-flex\" ><div class=\"wpb_column vc_column_container vc_col-sm-4\"><div class=\"vc_column-inner\"><div class=\"wpb_wrapper\">\n\t<div  class=\"wpb_single_image wpb_content_element vc_align_center  wpb_animate_when_almost_visible wpb_fadeInUp fadeInUp\">\n\t\t\n\t\t<figure class=\"wpb_wrapper vc_figure\">\n\t\t\t<div class=\"vc_single_image-wrapper   vc_box_border_grey\"><img loading=\"lazy\" decoding=\"async\" class=\"vc_single_image-img\" src=\"https:\/\/ledonduvent.com\/wp-content\/uploads\/photos-site-copie-7.png\" width=\"161\" height=\"161\" alt=\"photos site copie 7\" title=\"photos site copie 7\" \/><\/div>\n\t\t<\/figure>\n\t<\/div>\n\n\t<div class=\"wpb_text_column wpb_content_element  wpb_animate_when_almost_visible wpb_fadeInUp fadeInUp\" >\n\t\t<div class=\"wpb_wrapper\">\n\t\t\t<h3 style=\"text-align: center;\">OLIVIER KUBAZIAK<\/h3>\n<h4 style=\"text-align: center;\">Captain<\/h4>\n<p style=\"text-align: center;\"><a href=\"mailto:benoit@ledonduvent.com\">olivier@ledonduvent.com<\/a><\/p>\n\n\t\t<\/div>\n\t<\/div>\n<\/div><\/div><\/div><div class=\"wpb_column vc_column_container vc_col-sm-4\"><div class=\"vc_column-inner\"><div class=\"wpb_wrapper\">\n\t<div  class=\"wpb_single_image wpb_content_element vc_align_center  wpb_animate_when_almost_visible wpb_fadeInUp fadeInUp\">\n\t\t\n\t\t<figure class=\"wpb_wrapper vc_figure\">\n\t\t\t<div class=\"vc_single_image-wrapper   vc_box_border_grey\"><img loading=\"lazy\" decoding=\"async\" class=\"vc_single_image-img\" src=\"https:\/\/ledonduvent.com\/wp-content\/uploads\/photos-site-copie-2.png\" width=\"162\" height=\"161\" alt=\"photos site copie 2\" title=\"photos site copie 2\" \/><\/div>\n\t\t<\/figure>\n\t<\/div>\n\n\t<div class=\"wpb_text_column wpb_content_element  wpb_animate_when_almost_visible wpb_fadeInUp fadeInUp\" >\n\t\t<div class=\"wpb_wrapper\">\n\t\t\t<h3 style=\"text-align: center;\">LEA DELAIGUE<\/h3>\n<h4 style=\"text-align: center;\">Marin<\/h4>\n\n\t\t<\/div>\n\t<\/div>\n<\/div><\/div><\/div><div class=\"wpb_column vc_column_container vc_col-sm-4\"><div class=\"vc_column-inner\"><div class=\"wpb_wrapper\">\n\t<div  class=\"wpb_single_image wpb_content_element vc_align_center  wpb_animate_when_almost_visible wpb_fadeInUp fadeInUp\">\n\t\t\n\t\t<figure class=\"wpb_wrapper vc_figure\">\n\t\t\t<div class=\"vc_single_image-wrapper   vc_box_border_grey\"><img loading=\"lazy\" decoding=\"async\" width=\"160\" height=\"161\" src=\"https:\/\/ledonduvent.com\/wp-content\/uploads\/photos-site-copie-3.png\" class=\"vc_single_image-img attachment-full\" alt=\"\" srcset=\"https:\/\/ledonduvent.com\/wp-content\/uploads\/photos-site-copie-3.png 160w, https:\/\/ledonduvent.com\/wp-content\/uploads\/photos-site-copie-3-150x150.png 150w\" sizes=\"auto, (max-width: 160px) 100vw, 160px\" \/><\/div>\n\t\t<\/figure>\n\t<\/div>\n\n\t<div class=\"wpb_text_column wpb_content_element  wpb_animate_when_almost_visible wpb_fadeInUp fadeInUp\" >\n\t\t<div class=\"wpb_wrapper\">\n\t\t\t<h3 style=\"text-align: center;\">NICOLAS BAREY<\/h3>\n<h4 style=\"text-align: center;\">MARIN<\/h4>\n\n\t\t<\/div>\n\t<\/div>\n<\/div><\/div><\/div><\/div><div data-vc-full-width=\"true\" data-vc-full-width-init=\"false\" data-vc-stretch-content=\"true\" class=\"vc_row wpb_row vc_row-fluid jaune vc_row-no-padding\" ><div class=\"wpb_column vc_column_container vc_col-sm-12\"><div class=\"vc_column-inner\"><div class=\"wpb_wrapper\">\n\t<div class=\"wpb_text_column wpb_content_element  vc_custom_1590356871640\" >\n\t\t<div class=\"wpb_wrapper\">\n\t\t\t<h3 style=\"text-align: center;\">Follow us on Instagram<\/h3>\n\n\t\t<\/div>\n\t<\/div>\n\n\t<div class=\"wpb_text_column wpb_content_element\" >\n\t\t<div class=\"wpb_wrapper\">\n\t\t\t\n<div id=\"sb_instagram\"  class=\"sbi sbi_mob_col_1 sbi_tab_col_2 sbi_col_5 sbi_width_resp\" style=\"width: 100%;\" data-feedid=\"sbi_3940833105985489#20\"  data-res=\"auto\" data-cols=\"5\" data-colsmobile=\"1\" data-colstablet=\"2\" data-num=\"20\" data-nummobile=\"\" data-item-padding=\"\" data-shortcode-atts=\"{}\"  data-postid=\"28\" data-locatornonce=\"8efedc28e0\" data-sbi-flags=\"favorLocal\">\n\t\n    <div id=\"sbi_images\" >\n\t\t    <\/div>\n\n\t<div id=\"sbi_load\" >\n\n\t\n\t\t\t<span class=\"sbi_follow_btn\">\n        <a href=\"https:\/\/www.instagram.com\/ledonduvent\/\" target=\"_blank\" rel=\"nofollow noopener\">\n            <svg class=\"svg-inline--fa fa-instagram fa-w-14\" aria-hidden=\"true\" data-fa-processed=\"\" aria-label=\"Instagram\" data-prefix=\"fab\" data-icon=\"instagram\" role=\"img\" viewbox=\"0 0 448 512\">\n\t                <path fill=\"currentColor\" d=\"M224.1 141c-63.6 0-114.9 51.3-114.9 114.9s51.3 114.9 114.9 114.9S339 319.5 339 255.9 287.7 141 224.1 141zm0 189.6c-41.1 0-74.7-33.5-74.7-74.7s33.5-74.7 74.7-74.7 74.7 33.5 74.7 74.7-33.6 74.7-74.7 74.7zm146.4-194.3c0 14.9-12 26.8-26.8 26.8-14.9 0-26.8-12-26.8-26.8s12-26.8 26.8-26.8 26.8 12 26.8 26.8zm76.1 27.2c-1.7-35.9-9.9-67.7-36.2-93.9-26.2-26.2-58-34.4-93.9-36.2-37-2.1-147.9-2.1-184.9 0-35.8 1.7-67.6 9.9-93.9 36.1s-34.4 58-36.2 93.9c-2.1 37-2.1 147.9 0 184.9 1.7 35.9 9.9 67.7 36.2 93.9s58 34.4 93.9 36.2c37 2.1 147.9 2.1 184.9 0 35.9-1.7 67.7-9.9 93.9-36.2 26.2-26.2 34.4-58 36.2-93.9 2.1-37 2.1-147.8 0-184.8zM398.8 388c-7.8 19.6-22.9 34.7-42.6 42.6-29.5 11.7-99.5 9-132.1 9s-102.7 2.6-132.1-9c-19.6-7.8-34.7-22.9-42.6-42.6-11.7-29.5-9-99.5-9-132.1s-2.6-102.7 9-132.1c7.8-19.6 22.9-34.7 42.6-42.6 29.5-11.7 99.5-9 132.1-9s102.7-2.6 132.1 9c19.6 7.8 34.7 22.9 42.6 42.6 11.7 29.5 9 99.5 9 132.1s2.7 102.7-9 132.1z\"><\/path>\n\t            <\/svg>            <span>Suivez sur Instagram<\/span>\n        <\/a>\n    <\/span>\n\t\n<\/div>\n\n\t    <span class=\"sbi_resized_image_data\" data-feed-id=\"sbi_3940833105985489#20\" data-resized=\"[]\">\n\t<\/span>\n\t<\/div>\n\n\n\n\t\t<\/div>\n\t<\/div>\n<\/div><\/div><\/div><\/div><div class=\"vc_row-full-width vc_clearfix\"><\/div>","protected":false},"excerpt":{"rendered":"BENO\u00ceT BOUCHET Capitaine benoit@ledonduvent.com FANNY BOUCHET Communication fanny@ledonduvent.com CHLO\u00c9 KAEMMERER Administratif bonjour@ledonduvent.com C\u00c9LINE HANSMAENNEL Commercial bonjour@ledonduvent.com OLIVIER KUBAZIAK Capitaine olivier@ledonduvent.com LEA DELAIGUE Marin NICOLAS BAREY MARIN Suivez-nous sur Instagram Suivez sur Instagram","protected":false},"author":2,"featured_media":0,"parent":0,"menu_order":0,"comment_status":"closed","ping_status":"closed","template":"","meta":{"inline_featured_image":false,"_uag_custom_page_level_css":"","footnotes":""},"class_list":["post-28","page","type-page","status-publish","hentry"],"yoast_head":"<!-- This site is optimized with the Yoast SEO plugin v24.9 - https:\/\/yoast.com\/wordpress\/plugins\/seo\/ -->\n<title>Nous | Le Don du Vent<\/title>\n<meta name=\"description\" content=\"Contactez Le Don du Vent pour devis &amp; informations. Location de Voilier \u00e0 Marseille - Le Don du Vent - Bateau d\u2019Int\u00e9r\u00eat Patrimonial - Parc des Calanques. Contacts : BENO\u00ceT BOUCHET, FANNY BOUCHET, BENO\u00ceT PAYAN\" \/>\n<meta name=\"robots\" content=\"index, follow, max-snippet:-1, max-image-preview:large, max-video-preview:-1\" \/>\n<link rel=\"canonical\" href=\"https:\/\/ledonduvent.com\/en\/nous\/\" \/>\n<meta property=\"og:locale\" content=\"en_GB\" \/>\n<meta property=\"og:type\" content=\"article\" \/>\n<meta property=\"og:title\" content=\"Nous | Le Don du Vent\" \/>\n<meta property=\"og:description\" content=\"Contactez Le Don du Vent pour devis &amp; informations. Location de Voilier \u00e0 Marseille - Le Don du Vent - Bateau d\u2019Int\u00e9r\u00eat Patrimonial - Parc des Calanques. Contacts : BENO\u00ceT BOUCHET, FANNY BOUCHET, BENO\u00ceT PAYAN\" \/>\n<meta property=\"og:url\" content=\"https:\/\/ledonduvent.com\/en\/nous\/\" \/>\n<meta property=\"og:site_name\" content=\"Le Don du Vent\" \/>\n<meta property=\"article:publisher\" content=\"https:\/\/www.facebook.com\/ledonduvent\/\" \/>\n<meta property=\"article:modified_time\" content=\"2025-05-09T10:46:40+00:00\" \/>\n<meta property=\"og:image\" content=\"https:\/\/ledonduvent.com\/wp-content\/uploads\/DDV-SOCIALSHARE.png\" \/>\n\t<meta property=\"og:image:width\" content=\"1819\" \/>\n\t<meta property=\"og:image:height\" content=\"633\" \/>\n\t<meta property=\"og:image:type\" content=\"image\/png\" \/>\n<meta name=\"twitter:card\" content=\"summary_large_image\" \/>\n<meta name=\"twitter:label1\" content=\"Estimated reading time\" \/>\n\t<meta name=\"twitter:data1\" content=\"1 minute\" \/>\n<script type=\"application\/ld+json\" class=\"yoast-schema-graph\">{\"@context\":\"https:\/\/schema.org\",\"@graph\":[{\"@type\":\"WebPage\",\"@id\":\"https:\/\/ledonduvent.com\/nous\/\",\"url\":\"https:\/\/ledonduvent.com\/nous\/\",\"name\":\"Nous | Le Don du Vent\",\"isPartOf\":{\"@id\":\"https:\/\/ledonduvent.com\/#website\"},\"datePublished\":\"2020-05-10T18:40:21+00:00\",\"dateModified\":\"2025-05-09T10:46:40+00:00\",\"description\":\"Contactez Le Don du Vent pour devis & informations. Location de Voilier \u00e0 Marseille - Le Don du Vent - Bateau d\u2019Int\u00e9r\u00eat Patrimonial - Parc des Calanques. Contacts : BENO\u00ceT BOUCHET, FANNY BOUCHET, BENO\u00ceT PAYAN\",\"breadcrumb\":{\"@id\":\"https:\/\/ledonduvent.com\/nous\/#breadcrumb\"},\"inLanguage\":\"en-GB\",\"potentialAction\":[{\"@type\":\"ReadAction\",\"target\":[\"https:\/\/ledonduvent.com\/nous\/\"]}]},{\"@type\":\"BreadcrumbList\",\"@id\":\"https:\/\/ledonduvent.com\/nous\/#breadcrumb\",\"itemListElement\":[{\"@type\":\"ListItem\",\"position\":1,\"name\":\"Accueil\",\"item\":\"https:\/\/ledonduvent.com\/\"},{\"@type\":\"ListItem\",\"position\":2,\"name\":\"Nous\"}]},{\"@type\":\"WebSite\",\"@id\":\"https:\/\/ledonduvent.com\/#website\",\"url\":\"https:\/\/ledonduvent.com\/\",\"name\":\"Le Don du Vent\",\"description\":\"Bateau d&#039;Int\u00e9r\u00eat Patrimonial | Parc des Calanques | Location de Voilier \u00e0 Marseille\",\"publisher\":{\"@id\":\"https:\/\/ledonduvent.com\/#organization\"},\"potentialAction\":[{\"@type\":\"SearchAction\",\"target\":{\"@type\":\"EntryPoint\",\"urlTemplate\":\"https:\/\/ledonduvent.com\/?s={search_term_string}\"},\"query-input\":{\"@type\":\"PropertyValueSpecification\",\"valueRequired\":true,\"valueName\":\"search_term_string\"}}],\"inLanguage\":\"en-GB\"},{\"@type\":\"Organization\",\"@id\":\"https:\/\/ledonduvent.com\/#organization\",\"name\":\"Le Don du Vent\",\"url\":\"https:\/\/ledonduvent.com\/\",\"logo\":{\"@type\":\"ImageObject\",\"inLanguage\":\"en-GB\",\"@id\":\"https:\/\/ledonduvent.com\/#\/schema\/logo\/image\/\",\"url\":\"https:\/\/ledonduvent.com\/wp-content\/uploads\/facebook-ledonduvent.jpg\",\"contentUrl\":\"https:\/\/ledonduvent.com\/wp-content\/uploads\/facebook-ledonduvent.jpg\",\"width\":1200,\"height\":630,\"caption\":\"Le Don du Vent\"},\"image\":{\"@id\":\"https:\/\/ledonduvent.com\/#\/schema\/logo\/image\/\"},\"sameAs\":[\"https:\/\/www.facebook.com\/ledonduvent\/\",\"https:\/\/www.instagram.com\/ledonduvent\/\",\"https:\/\/fr.linkedin.com\/in\/benoit-bouchet-8b45052a\"]}]}<\/script>\n<!-- \/ Yoast SEO plugin. -->","yoast_head_json":{"title":"Nous | Le Don du Vent","description":"Contactez Le Don du Vent pour devis & informations. Location de Voilier \u00e0 Marseille - Le Don du Vent - Bateau d\u2019Int\u00e9r\u00eat Patrimonial - Parc des Calanques. Contacts : BENO\u00ceT BOUCHET, FANNY BOUCHET, BENO\u00ceT PAYAN","robots":{"index":"index","follow":"follow","max-snippet":"max-snippet:-1","max-image-preview":"max-image-preview:large","max-video-preview":"max-video-preview:-1"},"canonical":"https:\/\/ledonduvent.com\/en\/nous\/","og_locale":"en_GB","og_type":"article","og_title":"Nous | Le Don du Vent","og_description":"Contactez Le Don du Vent pour devis & informations. Location de Voilier \u00e0 Marseille - Le Don du Vent - Bateau d\u2019Int\u00e9r\u00eat Patrimonial - Parc des Calanques. Contacts : BENO\u00ceT BOUCHET, FANNY BOUCHET, BENO\u00ceT PAYAN","og_url":"https:\/\/ledonduvent.com\/en\/nous\/","og_site_name":"Le Don du Vent","article_publisher":"https:\/\/www.facebook.com\/ledonduvent\/","article_modified_time":"2025-05-09T10:46:40+00:00","og_image":[{"width":1819,"height":633,"url":"https:\/\/ledonduvent.com\/wp-content\/uploads\/DDV-SOCIALSHARE.png","type":"image\/png"}],"twitter_card":"summary_large_image","twitter_misc":{"Estimated reading time":"1 minute"},"schema":{"@context":"https:\/\/schema.org","@graph":[{"@type":"WebPage","@id":"https:\/\/ledonduvent.com\/nous\/","url":"https:\/\/ledonduvent.com\/nous\/","name":"Nous | Le Don du Vent","isPartOf":{"@id":"https:\/\/ledonduvent.com\/#website"},"datePublished":"2020-05-10T18:40:21+00:00","dateModified":"2025-05-09T10:46:40+00:00","description":"Contactez Le Don du Vent pour devis & informations. Location de Voilier \u00e0 Marseille - Le Don du Vent - Bateau d\u2019Int\u00e9r\u00eat Patrimonial - Parc des Calanques. Contacts : BENO\u00ceT BOUCHET, FANNY BOUCHET, BENO\u00ceT PAYAN","breadcrumb":{"@id":"https:\/\/ledonduvent.com\/nous\/#breadcrumb"},"inLanguage":"en-GB","potentialAction":[{"@type":"ReadAction","target":["https:\/\/ledonduvent.com\/nous\/"]}]},{"@type":"BreadcrumbList","@id":"https:\/\/ledonduvent.com\/nous\/#breadcrumb","itemListElement":[{"@type":"ListItem","position":1,"name":"Accueil","item":"https:\/\/ledonduvent.com\/"},{"@type":"ListItem","position":2,"name":"Nous"}]},{"@type":"WebSite","@id":"https:\/\/ledonduvent.com\/#website","url":"https:\/\/ledonduvent.com\/","name":"Le Don du Vent","description":"Bateau d&#039;Int\u00e9r\u00eat Patrimonial | Parc des Calanques | Location de Voilier \u00e0 Marseille","publisher":{"@id":"https:\/\/ledonduvent.com\/#organization"},"potentialAction":[{"@type":"SearchAction","target":{"@type":"EntryPoint","urlTemplate":"https:\/\/ledonduvent.com\/?s={search_term_string}"},"query-input":{"@type":"PropertyValueSpecification","valueRequired":true,"valueName":"search_term_string"}}],"inLanguage":"en-GB"},{"@type":"Organization","@id":"https:\/\/ledonduvent.com\/#organization","name":"Le Don du Vent","url":"https:\/\/ledonduvent.com\/","logo":{"@type":"ImageObject","inLanguage":"en-GB","@id":"https:\/\/ledonduvent.com\/#\/schema\/logo\/image\/","url":"https:\/\/ledonduvent.com\/wp-content\/uploads\/facebook-ledonduvent.jpg","contentUrl":"https:\/\/ledonduvent.com\/wp-content\/uploads\/facebook-ledonduvent.jpg","width":1200,"height":630,"caption":"Le Don du Vent"},"image":{"@id":"https:\/\/ledonduvent.com\/#\/schema\/logo\/image\/"},"sameAs":["https:\/\/www.facebook.com\/ledonduvent\/","https:\/\/www.instagram.com\/ledonduvent\/","https:\/\/fr.linkedin.com\/in\/benoit-bouchet-8b45052a"]}]}},"uagb_featured_image_src":{"full":false,"thumbnail":false,"medium":false,"medium_large":false,"large":false,"1536x1536":false,"2048x2048":false,"trp-custom-language-flag":false,"aalto_edge_square":false,"aalto_edge_landscape":false,"aalto_edge_portrait":false,"aalto_edge_huge":false,"photoswipe_thumbnails":false,"photoswipe_full":false},"uagb_author_info":{"display_name":"admin","author_link":"https:\/\/ledonduvent.com\/en\/author\/admin\/"},"uagb_comment_info":0,"uagb_excerpt":null,"_links":{"self":[{"href":"https:\/\/ledonduvent.com\/en\/wp-json\/wp\/v2\/pages\/28","targetHints":{"allow":["GET"]}}],"collection":[{"href":"https:\/\/ledonduvent.com\/en\/wp-json\/wp\/v2\/pages"}],"about":[{"href":"https:\/\/ledonduvent.com\/en\/wp-json\/wp\/v2\/types\/page"}],"author":[{"embeddable":true,"href":"https:\/\/ledonduvent.com\/en\/wp-json\/wp\/v2\/users\/2"}],"replies":[{"embeddable":true,"href":"https:\/\/ledonduvent.com\/en\/wp-json\/wp\/v2\/comments?post=28"}],"version-history":[{"count":44,"href":"https:\/\/ledonduvent.com\/en\/wp-json\/wp\/v2\/pages\/28\/revisions"}],"predecessor-version":[{"id":3256,"href":"https:\/\/ledonduvent.com\/en\/wp-json\/wp\/v2\/pages\/28\/revisions\/3256"}],"wp:attachment":[{"href":"https:\/\/ledonduvent.com\/en\/wp-json\/wp\/v2\/media?parent=28"}],"curies":[{"name":"wp","href":"https:\/\/api.w.org\/{rel}","templated":true}]}}