{"id":26,"date":"2020-05-10T20:39:53","date_gmt":"2020-05-10T18:39:53","guid":{"rendered":"http:\/\/ledonduvent.com\/?page_id=26"},"modified":"2025-05-09T12:47:55","modified_gmt":"2025-05-09T10:47:55","slug":"particuliers","status":"publish","type":"page","link":"https:\/\/ledonduvent.com\/en\/particuliers\/","title":{"rendered":"Individuals"},"content":{"rendered":"<div data-vc-full-width=\"true\" data-vc-full-width-init=\"false\" data-vc-stretch-content=\"true\" class=\"vc_row wpb_row vc_row-fluid bloclassic kuen vc_custom_1590353434167 vc_row-o-content-middle vc_row-flex\" ><div class=\"wpb_column vc_column_container vc_col-sm-12\"><div class=\"vc_column-inner\"><div class=\"wpb_wrapper\">\n\t<div class=\"wpb_text_column wpb_content_element  wpb_animate_when_almost_visible wpb_fadeIn fadeIn vc_custom_1638989268408 kuen\" >\n\t\t<div class=\"wpb_wrapper\">\n\t\t\t<h3 style=\"text-align: center;\"><\/h3>\n<h3 style=\"text-align: center;\">A classic yachting version of your family event!<\/h3>\n<h3 style=\"text-align: center;\"><\/h3>\n\n\t\t<\/div>\n\t<\/div>\n\n\t<div class=\"wpb_text_column wpb_content_element\" >\n\t\t<div class=\"wpb_wrapper\">\n\t\t\t<p align=\"CENTER\"><span style=\"font-family: Georgia, serif;\"><span style=\"font-size: medium;\">Le Don du Vent invites you to embark on an authentic sailing adventure in the heart of the Parc des Calanques.<br \/>\nMorgiret, Sormiou or Morgiou... Are you up for it?<\/span><\/span><\/p>\n<p align=\"CENTER\"><span style=\"font-family: Georgia, serif;\"><span style=\"font-size: medium;\">Weddings, Bachelor\/Bachelorette Party, birthdays, retirements...<br \/>\nAvec jusqu&rsquo;\u00e0 44 passagers en mer, le voilier offre une capacit\u00e9 d&rsquo;accueil rare.<\/span><\/span><\/p>\n<p align=\"CENTER\"><span style=\"font-family: Georgia, serif;\"><span style=\"font-size: x-large;\"><span style=\"font-size: medium;\">Votre \u00e9v\u00e9nement sur mesure !<\/span><\/span><\/span><\/p>\n\n\t\t<\/div>\n\t<\/div>\n<\/div><\/div><\/div><\/div><div class=\"vc_row-full-width vc_clearfix\"><\/div><div class=\"vc_row wpb_row vc_row-fluid vc_custom_1614881698428\" ><div class=\"wpb_column vc_column_container vc_col-sm-4\"><div class=\"vc_column-inner\"><div class=\"wpb_wrapper\">\n\t<div  class=\"wpb_single_image wpb_content_element vc_align_left\">\n\t\t\n\t\t<figure class=\"wpb_wrapper vc_figure\">\n\t\t\t<div class=\"vc_single_image-wrapper   vc_box_border_grey\"><img loading=\"lazy\" decoding=\"async\" class=\"vc_single_image-img\" src=\"https:\/\/ledonduvent.com\/wp-content\/uploads\/3partic-450x650.jpg\" width=\"450\" height=\"650\" alt=\"Embarquez pour les plus belles heures de votre \u00e9t\u00e9\" title=\"Embark on the most beautiful hours of your summer\" \/><\/div>\n\t\t<\/figure>\n\t<\/div>\n<\/div><\/div><\/div><div class=\"wpb_column vc_column_container vc_col-sm-4\"><div class=\"vc_column-inner\"><div class=\"wpb_wrapper\">\n\t<div  class=\"wpb_single_image wpb_content_element vc_align_left\">\n\t\t\n\t\t<figure class=\"wpb_wrapper vc_figure\">\n\t\t\t<div class=\"vc_single_image-wrapper   vc_box_border_grey\"><img loading=\"lazy\" decoding=\"async\" class=\"vc_single_image-img\" src=\"https:\/\/ledonduvent.com\/wp-content\/uploads\/5partic-scaled-450x650.jpg\" width=\"450\" height=\"650\" alt=\"Quoi de plus romantique qu&#039;un d\u00eener en mer ?\" title=\"What could be more romantic than dinner at sea?\" \/><\/div>\n\t\t<\/figure>\n\t<\/div>\n<\/div><\/div><\/div><div class=\"wpb_column vc_column_container vc_col-sm-4\"><div class=\"vc_column-inner\"><div class=\"wpb_wrapper\">\n\t<div  class=\"wpb_single_image wpb_content_element vc_align_left\">\n\t\t\n\t\t<figure class=\"wpb_wrapper vc_figure\">\n\t\t\t<div class=\"vc_single_image-wrapper   vc_box_border_grey\"><img loading=\"lazy\" decoding=\"async\" class=\"vc_single_image-img\" src=\"https:\/\/ledonduvent.com\/wp-content\/uploads\/1partic-450x650.jpg\" width=\"450\" height=\"650\" alt=\"\u00c0 l&#039;heure de l&#039;ap\u00e9ritif, sur le Don du Vent...\" title=\"At aperitif time, on the Don du Vent...\" \/><\/div>\n\t\t<\/figure>\n\t<\/div>\n<\/div><\/div><\/div><\/div><div data-vc-full-width=\"true\" data-vc-full-width-init=\"false\" class=\"vc_row wpb_row vc_row-fluid bloclassic jaune vc_row-o-content-middle vc_row-flex\" ><div class=\"wpb_column vc_column_container vc_col-sm-12\"><div class=\"vc_column-inner\"><div class=\"wpb_wrapper\">\n\t<div class=\"wpb_text_column wpb_content_element\" >\n\t\t<div class=\"wpb_wrapper\">\n\t\t\t<h3 style=\"text-align: center;\">2 PROGRAMMES, 2 ATMOSPHERES<\/h3>\n\n\t\t<\/div>\n\t<\/div>\n<\/div><\/div><\/div><\/div><div class=\"vc_row-full-width vc_clearfix\"><\/div><div data-vc-full-width=\"true\" data-vc-full-width-init=\"false\" data-vc-stretch-content=\"true\" class=\"vc_row wpb_row vc_row-fluid bloclassic vc_custom_1615464901195 vc_row-o-content-middle vc_row-flex\" ><div class=\"wpb_column vc_column_container vc_col-sm-12\"><div class=\"vc_column-inner\"><div class=\"wpb_wrapper\">\n\t<div class=\"wpb_text_column wpb_content_element  kuen\" >\n\t\t<div class=\"wpb_wrapper\">\n\t\t\t<h3 style=\"text-align: center;\"><\/h3>\n<h3 style=\"text-align: center;\">Day cruise in the Parc des Calanques<\/h3>\n<h4 style=\"text-align: center;\"><span style=\"font-family: Georgia, serif;\">SAILING, SWIMMING AND SUNBATHING<\/span><\/h4>\n<h3 style=\"text-align: center;\"><\/h3>\n\n\t\t<\/div>\n\t<\/div>\n\n\t<div class=\"wpb_text_column wpb_content_element\" >\n\t\t<div class=\"wpb_wrapper\">\n\t\t\t<p align=\"CENTER\"><span style=\"font-family: Georgia, serif;\"><span style=\"font-size: x-large;\"><span style=\"font-size: medium;\">Discover sailing and idleness in the heart of our local treasure, the Parc national des Calanques.<\/span><\/span><\/span><\/p>\n<p align=\"CENTER\"><span style=\"font-family: Georgia, serif;\"><span style=\"font-size: medium;\">Grab your swimsuit, we'll take care of the rest! <\/span><\/span><span style=\"font-family: Georgia, serif;\"><span style=\"font-size: medium;\">Nous embarquons pour une immersion en pleine nature, o\u00f9 l\u2019\u00e9quipage vous offrira la magie de la voile traditionnelle et vous fera d\u00e9couvrir les coins les plus secrets de ces espaces pr\u00e9serv\u00e9s.<\/span><\/span><\/p>\n<p align=\"CENTER\"><span style=\"font-family: Georgia, serif;\"><span style=\"font-size: medium;\">We will stop by this idyllic location for a day of swimming and relaxation. <\/span><\/span><span style=\"font-family: Georgia, serif;\"><span style=\"font-size: medium;\">Masks and snorkels will be at your disposal!<\/span><\/span><\/p>\n\n\t\t<\/div>\n\t<\/div>\n<\/div><\/div><\/div><\/div><div class=\"vc_row-full-width vc_clearfix\"><\/div><div class=\"vc_row wpb_row vc_row-fluid\" ><div class=\"wpb_column vc_column_container vc_col-sm-4\"><div class=\"vc_column-inner\"><div class=\"wpb_wrapper\">\n\t<div  class=\"wpb_single_image wpb_content_element vc_align_left\">\n\t\t\n\t\t<figure class=\"wpb_wrapper vc_figure\">\n\t\t\t<div class=\"vc_single_image-wrapper   vc_box_border_grey\"><img loading=\"lazy\" decoding=\"async\" class=\"vc_single_image-img\" src=\"https:\/\/ledonduvent.com\/wp-content\/uploads\/margue-450x650.png\" width=\"450\" height=\"650\" alt=\"Bain de soleil dans les calanques\" title=\"Sunbathing in the calanques\" \/><\/div>\n\t\t<\/figure>\n\t<\/div>\n<\/div><\/div><\/div><div class=\"wpb_column vc_column_container vc_col-sm-4\"><div class=\"vc_column-inner\"><div class=\"wpb_wrapper\">\n\t<div  class=\"wpb_single_image wpb_content_element vc_align_left\">\n\t\t\n\t\t<figure class=\"wpb_wrapper vc_figure\">\n\t\t\t<div class=\"vc_single_image-wrapper   vc_box_border_grey\"><img loading=\"lazy\" decoding=\"async\" class=\"vc_single_image-img\" src=\"https:\/\/ledonduvent.com\/wp-content\/uploads\/Capture-d\u2019e\u0301cran-2021-01-06-a\u0300-13.28.41-450x650.png\" width=\"450\" height=\"650\" alt=\"Jonathan Livingston et Le Don du Vent\" title=\"Jonathan Livingston and Le Don du Vent\" \/><\/div>\n\t\t<\/figure>\n\t<\/div>\n<\/div><\/div><\/div><div class=\"wpb_column vc_column_container vc_col-sm-4\"><div class=\"vc_column-inner\"><div class=\"wpb_wrapper\">\n\t<div  class=\"wpb_single_image wpb_content_element vc_align_left\">\n\t\t\n\t\t<figure class=\"wpb_wrapper vc_figure\">\n\t\t\t<div class=\"vc_single_image-wrapper   vc_box_border_grey\"><img loading=\"lazy\" decoding=\"async\" class=\"vc_single_image-img\" src=\"https:\/\/ledonduvent.com\/wp-content\/uploads\/Shooting-Inspiration-Flora-Mariage-Sylvia-Calmet436-scaled-450x650.jpg\" width=\"450\" height=\"650\" alt=\"C\u00e9l\u00e9brez votre amour en mer !\" title=\"Celebrate your love at sea!\" \/><\/div>\n\t\t<\/figure>\n\t<\/div>\n<\/div><\/div><\/div><\/div><div data-vc-full-width=\"true\" data-vc-full-width-init=\"false\" data-vc-stretch-content=\"true\" class=\"vc_row wpb_row vc_row-fluid bloclassic vc_row-o-content-middle vc_row-flex\" ><div class=\"wpb_column vc_column_container vc_col-sm-12\"><div class=\"vc_column-inner\"><div class=\"wpb_wrapper\">\n\t<div class=\"wpb_text_column wpb_content_element  kuen\" >\n\t\t<div class=\"wpb_wrapper\">\n\t\t\t<h3 style=\"text-align: center;\"><\/h3>\n<h3 style=\"text-align: center;\">Sunbathing in the calanques<\/h3>\n<h4 style=\"text-align: center;\"><span style=\"font-family: Georgia, serif;\">COCKTAIL AT SEA<\/span><\/h4>\n<h3 style=\"text-align: center;\"><\/h3>\n\n\t\t<\/div>\n\t<\/div>\n\n\t<div class=\"wpb_text_column wpb_content_element\" >\n\t\t<div class=\"wpb_wrapper\">\n\t\t\t<p align=\"CENTER\"><strong>\u00a0<\/strong><span style=\"font-family: Georgia, serif;\"><span style=\"font-size: medium;\">Breathtaking skies, the setting sun over the Friuli archipelago, fine wine, the golden silhouette of the city receding into the distance,<\/span><\/span><\/p>\n<p align=\"CENTER\"><span style=\"font-family: Georgia, serif;\"><span style=\"font-size: medium;\">You will be taken on a sea ride by the crew, where those who want to sail can do so, and the most passionate can let the journey guide them.<\/span><\/span><\/p>\n<p align=\"CENTER\"><span style=\"font-family: Georgia, serif;\"><span style=\"font-size: medium;\">We'll drop anchor in the heart of the Frioul archipelago, where you can admire the sunset. At nightfall, the return to the port will be guided by the light of La Bonne M\u00e8re.<\/span><\/span><\/p>\n\n\t\t<\/div>\n\t<\/div>\n<\/div><\/div><\/div><\/div><div class=\"vc_row-full-width vc_clearfix\"><\/div><div class=\"vc_row wpb_row vc_row-fluid\" ><div class=\"wpb_column vc_column_container vc_col-sm-4\"><div class=\"vc_column-inner\"><div class=\"wpb_wrapper\">\n\t<div  class=\"wpb_single_image wpb_content_element vc_align_left\">\n\t\t\n\t\t<figure class=\"wpb_wrapper vc_figure\">\n\t\t\t<div class=\"vc_single_image-wrapper   vc_box_border_grey\"><img loading=\"lazy\" decoding=\"async\" class=\"vc_single_image-img\" src=\"https:\/\/ledonduvent.com\/wp-content\/uploads\/THE_EXPLORERS_BATEAU_PACA_5-450x650.png\" width=\"450\" height=\"650\" alt=\"Souvenir de nav&#039; avec The Explorers\" title=\"Memories of sailing with The Explorers\" \/><\/div>\n\t\t<\/figure>\n\t<\/div>\n<\/div><\/div><\/div><div class=\"wpb_column vc_column_container vc_col-sm-4\"><div class=\"vc_column-inner\"><div class=\"wpb_wrapper\">\n\t<div  class=\"wpb_single_image wpb_content_element vc_align_left\">\n\t\t\n\t\t<figure class=\"wpb_wrapper vc_figure\">\n\t\t\t<div class=\"vc_single_image-wrapper   vc_box_border_grey\"><img loading=\"lazy\" decoding=\"async\" class=\"vc_single_image-img\" src=\"https:\/\/ledonduvent.com\/wp-content\/uploads\/DSC00374-scaled-450x650.jpg\" width=\"450\" height=\"650\" alt=\"130 m2 de pont pour danser en toute libert\u00e9 !\" title=\"130 m2 of deck space to dance to your heart&#039;s content!\" \/><\/div>\n\t\t<\/figure>\n\t<\/div>\n<\/div><\/div><\/div><div class=\"wpb_column vc_column_container vc_col-sm-4\"><div class=\"vc_column-inner\"><div class=\"wpb_wrapper\">\n\t<div  class=\"wpb_single_image wpb_content_element vc_align_left\">\n\t\t\n\t\t<figure class=\"wpb_wrapper vc_figure\">\n\t\t\t<div class=\"vc_single_image-wrapper   vc_box_border_grey\"><img loading=\"lazy\" decoding=\"async\" class=\"vc_single_image-img\" src=\"https:\/\/ledonduvent.com\/wp-content\/uploads\/bouton-homesoiree-450x650.jpg\" width=\"450\" height=\"650\" alt=\"Vue sur toute la belle Marseille\" title=\"View over the whole of Marseille\" \/><\/div>\n\t\t<\/figure>\n\t<\/div>\n<\/div><\/div><\/div><\/div><div data-vc-full-width=\"true\" data-vc-full-width-init=\"false\" data-vc-stretch-content=\"true\" class=\"vc_row wpb_row vc_row-fluid bloclassic tarifs vc_custom_1615465206078 vc_row-o-content-middle vc_row-flex\" ><div class=\"wpb_column vc_column_container vc_col-sm-12\"><div class=\"vc_column-inner vc_custom_1589172001898\"><div class=\"wpb_wrapper\">\n\t<div class=\"wpb_text_column wpb_content_element  kuen\" >\n\t\t<div class=\"wpb_wrapper\">\n\t\t\t<h3 style=\"text-align: center;\"><\/h3>\n<p>&nbsp;<\/p>\n<h3 style=\"text-align: center;\">Our rates<\/h3>\n<h4 style=\"text-align: center;\"><\/h4>\n<h3 style=\"text-align: center;\"><\/h3>\n\n\t\t<\/div>\n\t<\/div>\n<\/div><\/div><\/div><div class=\"wpb_column vc_column_container vc_col-sm-6\"><div class=\"vc_column-inner vc_custom_1589173923638\"><div class=\"wpb_wrapper\">\n\t<div class=\"wpb_text_column wpb_content_element\" >\n\t\t<div class=\"wpb_wrapper\">\n\t\t\t<h3 style=\"text-align: center;\"><strong>DAY AT SEA<br \/>\n<\/strong><\/h3>\n<p>&nbsp;<\/p>\n<h3 style=\"text-align: center;\">Up to<strong> 34 personnes<\/strong> : from <strong>3600 \u20ac incl tax<br \/>\nDe 35 \u00e0 44 personnes : \u00e0 partir de 4 600 \u20ac TTC<\/strong><\/h3>\n<h3 style=\"text-align: center;\">Jusqu&rsquo;\u00e0 60<strong>\u00a0pers.<\/strong>\u00a0(in pairs with <em><strong><a href=\"http:\/\/eleanormary.com\">Eleanor Mary<\/a><\/strong><\/em>: from <strong>6 600 \u20ac TTC<\/strong><\/h3>\n\n\t\t<\/div>\n\t<\/div>\n<\/div><\/div><\/div><div class=\"wpb_column vc_column_container vc_col-sm-6\"><div class=\"vc_column-inner vc_custom_1589819112330\"><div class=\"wpb_wrapper\">\n\t<div class=\"wpb_text_column wpb_content_element\" >\n\t\t<div class=\"wpb_wrapper\">\n\t\t\t<h3 style=\"text-align: center;\"><strong>HALF DAY \/ EVENING AT SEA<br \/>\n<\/strong><\/h3>\n<p>&nbsp;<\/p>\n<h3 style=\"text-align: center;\">Up to<strong> 34 personnes<\/strong> : from <strong>2600 \u20ac incl tax<br \/>\nDe 35 \u00e0 44 personnes : \u00e0 partir de 3 600 \u20ac TTC<\/strong><\/h3>\n<h3 style=\"text-align: center;\">Jusqu&rsquo;\u00e0 60<strong>\u00a0pers.<\/strong>\u00a0(in pairs with <em><strong><a href=\"http:\/\/eleanormary.com\">Eleanor Mary<\/a><\/strong><\/em>: from <strong>5 000 \u20ac TTC<\/strong><\/h3>\n\n\t\t<\/div>\n\t<\/div>\n<\/div><\/div><\/div><div class=\"prixmobile wpb_column vc_column_container vc_col-sm-12\"><div class=\"vc_column-inner vc_custom_1594360964344\"><div class=\"wpb_wrapper\">\n\t<div class=\"wpb_text_column wpb_content_element\" >\n\t\t<div class=\"wpb_wrapper\">\n\t\t\t<p><em>Le Don du Vent is only available all day and in the evening during the high season, from 1 June to 1 October.<\/em><\/p>\n\n\t\t<\/div>\n\t<\/div>\n<\/div><\/div><\/div><\/div><div class=\"vc_row-full-width vc_clearfix\"><\/div><div class=\"vc_row wpb_row vc_row-fluid\" ><div class=\"wpb_column vc_column_container vc_col-sm-12\"><div class=\"vc_column-inner\"><div class=\"wpb_wrapper\"><\/div><\/div><\/div><\/div>","protected":false},"excerpt":{"rendered":"Votre \u00e9v\u00e9nement familial version yachting classique ! Le Don du Vent vous accueille \u00e0 bord pour des navigations authentiques en plein c\u0153ur du Parc des Calanques. Morgiret, Sormiou ou Morgiou... \u00c7a vous tente ? Mariage, EVJF\/EVG, anniversaire, d\u00e9part en retraite... [...]","protected":false},"author":2,"featured_media":0,"parent":0,"menu_order":0,"comment_status":"closed","ping_status":"closed","template":"","meta":{"inline_featured_image":false,"_uag_custom_page_level_css":"","footnotes":""},"class_list":["post-26","page","type-page","status-publish","hentry"],"yoast_head":"<!-- This site is optimized with the Yoast SEO plugin v24.9 - https:\/\/yoast.com\/wordpress\/plugins\/seo\/ -->\n<title>Prestations Particuliers | Le Don du Vent<\/title>\n<meta name=\"description\" content=\"Le Don du Vent vous accueille \u00e0 bord pour des navigations authentiques. S\u00e9minaires, r\u00e9unions de travail, redynamisation, r\u00e9ception, d\u00e9tente, incentive\u2026 Avec 44 personnes en mer, le voilier offre une capacit\u00e9 d\u2019accueil rare. Votre \u00e9v\u00e9nement sur mesure ! Location de Voilier \u00e0 Marseille - Le Don du Vent - Bateau d\u2019Int\u00e9r\u00eat Patrimonial - Parc des Calanques. Contacts : BENO\u00ceT BOUCHET, FANNY BOUCHET\" \/>\n<meta name=\"robots\" content=\"index, follow, max-snippet:-1, max-image-preview:large, max-video-preview:-1\" \/>\n<link rel=\"canonical\" href=\"https:\/\/ledonduvent.com\/en\/particuliers\/\" \/>\n<meta property=\"og:locale\" content=\"en_GB\" \/>\n<meta property=\"og:type\" content=\"article\" \/>\n<meta property=\"og:title\" content=\"Prestations Particuliers | Le Don du Vent\" \/>\n<meta property=\"og:description\" content=\"Le Don du Vent vous accueille \u00e0 bord pour des navigations authentiques. S\u00e9minaires, r\u00e9unions de travail, redynamisation, r\u00e9ception, d\u00e9tente, incentive\u2026 Avec 44 personnes en mer, le voilier offre une capacit\u00e9 d\u2019accueil rare. Votre \u00e9v\u00e9nement sur mesure ! Location de Voilier \u00e0 Marseille - Le Don du Vent - Bateau d\u2019Int\u00e9r\u00eat Patrimonial - Parc des Calanques. Contacts : BENO\u00ceT BOUCHET, FANNY BOUCHET\" \/>\n<meta property=\"og:url\" content=\"https:\/\/ledonduvent.com\/en\/particuliers\/\" \/>\n<meta property=\"og:site_name\" content=\"Le Don du Vent\" \/>\n<meta property=\"article:publisher\" content=\"https:\/\/www.facebook.com\/ledonduvent\/\" \/>\n<meta property=\"article:modified_time\" content=\"2025-05-09T10:47:55+00:00\" \/>\n<meta property=\"og:image\" content=\"https:\/\/ledonduvent.com\/wp-content\/uploads\/DDV-SOCIALSHARE.png\" \/>\n\t<meta property=\"og:image:width\" content=\"1819\" \/>\n\t<meta property=\"og:image:height\" content=\"633\" \/>\n\t<meta property=\"og:image:type\" content=\"image\/png\" \/>\n<meta name=\"twitter:card\" content=\"summary_large_image\" \/>\n<meta name=\"twitter:label1\" content=\"Estimated reading time\" \/>\n\t<meta name=\"twitter:data1\" content=\"3 minutes\" \/>\n<script type=\"application\/ld+json\" class=\"yoast-schema-graph\">{\"@context\":\"https:\/\/schema.org\",\"@graph\":[{\"@type\":\"WebPage\",\"@id\":\"https:\/\/ledonduvent.com\/particuliers\/\",\"url\":\"https:\/\/ledonduvent.com\/particuliers\/\",\"name\":\"Prestations Particuliers | Le Don du Vent\",\"isPartOf\":{\"@id\":\"https:\/\/ledonduvent.com\/#website\"},\"datePublished\":\"2020-05-10T18:39:53+00:00\",\"dateModified\":\"2025-05-09T10:47:55+00:00\",\"description\":\"Le Don du Vent vous accueille \u00e0 bord pour des navigations authentiques. S\u00e9minaires, r\u00e9unions de travail, redynamisation, r\u00e9ception, d\u00e9tente, incentive\u2026 Avec 44 personnes en mer, le voilier offre une capacit\u00e9 d\u2019accueil rare. Votre \u00e9v\u00e9nement sur mesure ! Location de Voilier \u00e0 Marseille - Le Don du Vent - Bateau d\u2019Int\u00e9r\u00eat Patrimonial - Parc des Calanques. Contacts : BENO\u00ceT BOUCHET, FANNY BOUCHET\",\"breadcrumb\":{\"@id\":\"https:\/\/ledonduvent.com\/particuliers\/#breadcrumb\"},\"inLanguage\":\"en-GB\",\"potentialAction\":[{\"@type\":\"ReadAction\",\"target\":[\"https:\/\/ledonduvent.com\/particuliers\/\"]}]},{\"@type\":\"BreadcrumbList\",\"@id\":\"https:\/\/ledonduvent.com\/particuliers\/#breadcrumb\",\"itemListElement\":[{\"@type\":\"ListItem\",\"position\":1,\"name\":\"Accueil\",\"item\":\"https:\/\/ledonduvent.com\/\"},{\"@type\":\"ListItem\",\"position\":2,\"name\":\"Particuliers\"}]},{\"@type\":\"WebSite\",\"@id\":\"https:\/\/ledonduvent.com\/#website\",\"url\":\"https:\/\/ledonduvent.com\/\",\"name\":\"Le Don du Vent\",\"description\":\"Bateau d&#039;Int\u00e9r\u00eat Patrimonial | Parc des Calanques | Location de Voilier \u00e0 Marseille\",\"publisher\":{\"@id\":\"https:\/\/ledonduvent.com\/#organization\"},\"potentialAction\":[{\"@type\":\"SearchAction\",\"target\":{\"@type\":\"EntryPoint\",\"urlTemplate\":\"https:\/\/ledonduvent.com\/?s={search_term_string}\"},\"query-input\":{\"@type\":\"PropertyValueSpecification\",\"valueRequired\":true,\"valueName\":\"search_term_string\"}}],\"inLanguage\":\"en-GB\"},{\"@type\":\"Organization\",\"@id\":\"https:\/\/ledonduvent.com\/#organization\",\"name\":\"Le Don du Vent\",\"url\":\"https:\/\/ledonduvent.com\/\",\"logo\":{\"@type\":\"ImageObject\",\"inLanguage\":\"en-GB\",\"@id\":\"https:\/\/ledonduvent.com\/#\/schema\/logo\/image\/\",\"url\":\"https:\/\/ledonduvent.com\/wp-content\/uploads\/facebook-ledonduvent.jpg\",\"contentUrl\":\"https:\/\/ledonduvent.com\/wp-content\/uploads\/facebook-ledonduvent.jpg\",\"width\":1200,\"height\":630,\"caption\":\"Le Don du Vent\"},\"image\":{\"@id\":\"https:\/\/ledonduvent.com\/#\/schema\/logo\/image\/\"},\"sameAs\":[\"https:\/\/www.facebook.com\/ledonduvent\/\",\"https:\/\/www.instagram.com\/ledonduvent\/\",\"https:\/\/fr.linkedin.com\/in\/benoit-bouchet-8b45052a\"]}]}<\/script>\n<!-- \/ Yoast SEO plugin. -->","yoast_head_json":{"title":"Prestations Particuliers | Le Don du Vent","description":"Le Don du Vent vous accueille \u00e0 bord pour des navigations authentiques. S\u00e9minaires, r\u00e9unions de travail, redynamisation, r\u00e9ception, d\u00e9tente, incentive\u2026 Avec 44 personnes en mer, le voilier offre une capacit\u00e9 d\u2019accueil rare. Votre \u00e9v\u00e9nement sur mesure ! Location de Voilier \u00e0 Marseille - Le Don du Vent - Bateau d\u2019Int\u00e9r\u00eat Patrimonial - Parc des Calanques. Contacts : BENO\u00ceT BOUCHET, FANNY BOUCHET","robots":{"index":"index","follow":"follow","max-snippet":"max-snippet:-1","max-image-preview":"max-image-preview:large","max-video-preview":"max-video-preview:-1"},"canonical":"https:\/\/ledonduvent.com\/en\/particuliers\/","og_locale":"en_GB","og_type":"article","og_title":"Prestations Particuliers | Le Don du Vent","og_description":"Le Don du Vent vous accueille \u00e0 bord pour des navigations authentiques. S\u00e9minaires, r\u00e9unions de travail, redynamisation, r\u00e9ception, d\u00e9tente, incentive\u2026 Avec 44 personnes en mer, le voilier offre une capacit\u00e9 d\u2019accueil rare. Votre \u00e9v\u00e9nement sur mesure ! Location de Voilier \u00e0 Marseille - Le Don du Vent - Bateau d\u2019Int\u00e9r\u00eat Patrimonial - Parc des Calanques. Contacts : BENO\u00ceT BOUCHET, FANNY BOUCHET","og_url":"https:\/\/ledonduvent.com\/en\/particuliers\/","og_site_name":"Le Don du Vent","article_publisher":"https:\/\/www.facebook.com\/ledonduvent\/","article_modified_time":"2025-05-09T10:47:55+00:00","og_image":[{"width":1819,"height":633,"url":"https:\/\/ledonduvent.com\/wp-content\/uploads\/DDV-SOCIALSHARE.png","type":"image\/png"}],"twitter_card":"summary_large_image","twitter_misc":{"Estimated reading time":"3 minutes"},"schema":{"@context":"https:\/\/schema.org","@graph":[{"@type":"WebPage","@id":"https:\/\/ledonduvent.com\/particuliers\/","url":"https:\/\/ledonduvent.com\/particuliers\/","name":"Prestations Particuliers | Le Don du Vent","isPartOf":{"@id":"https:\/\/ledonduvent.com\/#website"},"datePublished":"2020-05-10T18:39:53+00:00","dateModified":"2025-05-09T10:47:55+00:00","description":"Le Don du Vent vous accueille \u00e0 bord pour des navigations authentiques. S\u00e9minaires, r\u00e9unions de travail, redynamisation, r\u00e9ception, d\u00e9tente, incentive\u2026 Avec 44 personnes en mer, le voilier offre une capacit\u00e9 d\u2019accueil rare. Votre \u00e9v\u00e9nement sur mesure ! Location de Voilier \u00e0 Marseille - Le Don du Vent - Bateau d\u2019Int\u00e9r\u00eat Patrimonial - Parc des Calanques. Contacts : BENO\u00ceT BOUCHET, FANNY BOUCHET","breadcrumb":{"@id":"https:\/\/ledonduvent.com\/particuliers\/#breadcrumb"},"inLanguage":"en-GB","potentialAction":[{"@type":"ReadAction","target":["https:\/\/ledonduvent.com\/particuliers\/"]}]},{"@type":"BreadcrumbList","@id":"https:\/\/ledonduvent.com\/particuliers\/#breadcrumb","itemListElement":[{"@type":"ListItem","position":1,"name":"Accueil","item":"https:\/\/ledonduvent.com\/"},{"@type":"ListItem","position":2,"name":"Particuliers"}]},{"@type":"WebSite","@id":"https:\/\/ledonduvent.com\/#website","url":"https:\/\/ledonduvent.com\/","name":"Le Don du Vent","description":"Bateau d&#039;Int\u00e9r\u00eat Patrimonial | Parc des Calanques | Location de Voilier \u00e0 Marseille","publisher":{"@id":"https:\/\/ledonduvent.com\/#organization"},"potentialAction":[{"@type":"SearchAction","target":{"@type":"EntryPoint","urlTemplate":"https:\/\/ledonduvent.com\/?s={search_term_string}"},"query-input":{"@type":"PropertyValueSpecification","valueRequired":true,"valueName":"search_term_string"}}],"inLanguage":"en-GB"},{"@type":"Organization","@id":"https:\/\/ledonduvent.com\/#organization","name":"Le Don du Vent","url":"https:\/\/ledonduvent.com\/","logo":{"@type":"ImageObject","inLanguage":"en-GB","@id":"https:\/\/ledonduvent.com\/#\/schema\/logo\/image\/","url":"https:\/\/ledonduvent.com\/wp-content\/uploads\/facebook-ledonduvent.jpg","contentUrl":"https:\/\/ledonduvent.com\/wp-content\/uploads\/facebook-ledonduvent.jpg","width":1200,"height":630,"caption":"Le Don du Vent"},"image":{"@id":"https:\/\/ledonduvent.com\/#\/schema\/logo\/image\/"},"sameAs":["https:\/\/www.facebook.com\/ledonduvent\/","https:\/\/www.instagram.com\/ledonduvent\/","https:\/\/fr.linkedin.com\/in\/benoit-bouchet-8b45052a"]}]}},"uagb_featured_image_src":{"full":false,"thumbnail":false,"medium":false,"medium_large":false,"large":false,"1536x1536":false,"2048x2048":false,"trp-custom-language-flag":false,"aalto_edge_square":false,"aalto_edge_landscape":false,"aalto_edge_portrait":false,"aalto_edge_huge":false,"photoswipe_thumbnails":false,"photoswipe_full":false},"uagb_author_info":{"display_name":"admin","author_link":"https:\/\/ledonduvent.com\/en\/author\/admin\/"},"uagb_comment_info":0,"uagb_excerpt":null,"_links":{"self":[{"href":"https:\/\/ledonduvent.com\/en\/wp-json\/wp\/v2\/pages\/26","targetHints":{"allow":["GET"]}}],"collection":[{"href":"https:\/\/ledonduvent.com\/en\/wp-json\/wp\/v2\/pages"}],"about":[{"href":"https:\/\/ledonduvent.com\/en\/wp-json\/wp\/v2\/types\/page"}],"author":[{"embeddable":true,"href":"https:\/\/ledonduvent.com\/en\/wp-json\/wp\/v2\/users\/2"}],"replies":[{"embeddable":true,"href":"https:\/\/ledonduvent.com\/en\/wp-json\/wp\/v2\/comments?post=26"}],"version-history":[{"count":82,"href":"https:\/\/ledonduvent.com\/en\/wp-json\/wp\/v2\/pages\/26\/revisions"}],"predecessor-version":[{"id":3426,"href":"https:\/\/ledonduvent.com\/en\/wp-json\/wp\/v2\/pages\/26\/revisions\/3426"}],"wp:attachment":[{"href":"https:\/\/ledonduvent.com\/en\/wp-json\/wp\/v2\/media?parent=26"}],"curies":[{"name":"wp","href":"https:\/\/api.w.org\/{rel}","templated":true}]}}