{"id":2339,"date":"2022-01-26T10:14:00","date_gmt":"2022-01-26T09:14:00","guid":{"rendered":"https:\/\/ledonduvent.com\/?page_id=2339"},"modified":"2025-05-09T12:48:34","modified_gmt":"2025-05-09T10:48:34","slug":"presse-articles","status":"publish","type":"page","link":"https:\/\/ledonduvent.com\/en\/presse-articles\/","title":{"rendered":"Press"},"content":{"rendered":"<div class=\"vc_row wpb_row vc_row-fluid vc_custom_1643192059170\" ><div class=\"wpb_column vc_column_container vc_col-sm-12\"><div class=\"vc_column-inner\"><div class=\"wpb_wrapper\"><div class=\"edgtf-portfolio-list-holder edgtf-pl-masonry edgtf-small-space edgtf-pl-three-columns edgtf-pl-gallery-info-center edgtf-pl-skin-light    edgtf-pl-pag-load-more      edgtf-three-images-scrollable\"  data-type=\"masonry\" data-space-between-items=\"small\" data-number-of-items=\"-1\" data-image-proportions=\"full\" data-enable-fixed-proportions=\"no\" data-enable-image-shadow=\"no\" data-orderby=\"date\" data-order=\"ASC\" data-item-style=\"gallery-info-center\" data-item-skin=\"light\" data-enable-title=\"yes\" data-title-tag=\"h4\" data-enable-category=\"no\" data-enable-count-images=\"yes\" data-enable-excerpt=\"no\" data-excerpt-length=\"20\" data-additional-data=\"year\" data-three-images=\"yes\" data-pagination-type=\"load-more\" data-filter=\"no\" data-filter-order-by=\"name\" data-enable-article-animation=\"no\" data-portfolio-slider-on=\"no\" data-enable-loop=\"yes\" data-enable-autoplay=\"yes\" data-slider-speed=\"5000\" data-slider-speed-animation=\"600\" data-enable-navigation=\"yes\" data-out-navigation=\"yes\" data-enable-pagination=\"yes\" data-max-num-pages=\"0\" data-next-page=\"2\">\n\t\t<div class=\"edgtf-pl-inner edgtf-outer-space clearfix\">\n\t\t<div class=\"edgtf-pl-grid-sizer\"><\/div>\n\t\t<div class=\"edgtf-pl-grid-gutter\"><\/div>\n\t\t<article class=\"edgtf-pl-item edgtf-item-space edgtf-pl-masonry-default post-3212 portfolio-item type-portfolio-item status-publish has-post-thumbnail hentry portfolio-category-presse\">\n\t<div class=\"edgtf-pl-item-inner\">\n\t\t<div class=\"edgtf-pli-image\">\n\t<img loading=\"lazy\" decoding=\"async\" width=\"2420\" height=\"3148\" src=\"https:\/\/ledonduvent.com\/wp-content\/uploads\/ELLE_20072023_Couv.png\" class=\"attachment-full size-full wp-post-image\" alt=\"\" srcset=\"https:\/\/ledonduvent.com\/wp-content\/uploads\/ELLE_20072023_Couv.png 2420w, https:\/\/ledonduvent.com\/wp-content\/uploads\/ELLE_20072023_Couv-231x300.png 231w, https:\/\/ledonduvent.com\/wp-content\/uploads\/ELLE_20072023_Couv-787x1024.png 787w, https:\/\/ledonduvent.com\/wp-content\/uploads\/ELLE_20072023_Couv-768x999.png 768w, https:\/\/ledonduvent.com\/wp-content\/uploads\/ELLE_20072023_Couv-1181x1536.png 1181w, https:\/\/ledonduvent.com\/wp-content\/uploads\/ELLE_20072023_Couv-1574x2048.png 1574w, https:\/\/ledonduvent.com\/wp-content\/uploads\/ELLE_20072023_Couv-700x911.png 700w, https:\/\/ledonduvent.com\/wp-content\/uploads\/ELLE_20072023_Couv-922x1200.png 922w\" sizes=\"auto, (max-width: 2420px) 100vw, 2420px\" \/><\/div>\n<div class=\"edgtf-pli-text-holder\">\n\t<div class=\"edgtf-pli-text-wrapper\">\n\t\t<div class=\"edgtf-pli-text\">\n\t\t\t<div class=\"edgtf-pli-appear-item\">\n\t\t\t\t<div class=\"edgtf-pli-title-cat-holder\">\n\t\t\t\t\t\t<h4 itemprop=\"name\" class=\"edgtf-pli-title entry-title\" >\n\t\tELLE\t<\/h4>\n\t\t\t\t\t\n\t\t\t\t\t\t\t\t\t<\/div>\n\t\t\t<\/div>\n\t\t<\/div>\n\t<\/div>\n<\/div>\t\t\n\t\t<a itemprop=\"url\" class=\"edgtf-pli-link edgtf-block-drag-link\" href=\"https:\/\/ledonduvent.com\/en\/presse\/elle-provence\/\" target=\"_self\"><\/a>\n\t<\/div>\n<\/article><article class=\"edgtf-pl-item edgtf-item-space edgtf-pl-masonry-default post-3217 portfolio-item type-portfolio-item status-publish has-post-thumbnail hentry portfolio-category-presse\">\n\t<div class=\"edgtf-pl-item-inner\">\n\t\t<div class=\"edgtf-pli-image\">\n\t<img loading=\"lazy\" decoding=\"async\" width=\"2560\" height=\"3331\" src=\"https:\/\/ledonduvent.com\/wp-content\/uploads\/ELLE_27072023_Couv-2.png\" class=\"attachment-full size-full wp-post-image\" alt=\"\" srcset=\"https:\/\/ledonduvent.com\/wp-content\/uploads\/ELLE_27072023_Couv-2.png 2560w, https:\/\/ledonduvent.com\/wp-content\/uploads\/ELLE_27072023_Couv-2-231x300.png 231w, https:\/\/ledonduvent.com\/wp-content\/uploads\/ELLE_27072023_Couv-2-787x1024.png 787w, https:\/\/ledonduvent.com\/wp-content\/uploads\/ELLE_27072023_Couv-2-768x999.png 768w, https:\/\/ledonduvent.com\/wp-content\/uploads\/ELLE_27072023_Couv-2-1180x1536.png 1180w, https:\/\/ledonduvent.com\/wp-content\/uploads\/ELLE_27072023_Couv-2-1574x2048.png 1574w, https:\/\/ledonduvent.com\/wp-content\/uploads\/ELLE_27072023_Couv-2-700x911.png 700w, https:\/\/ledonduvent.com\/wp-content\/uploads\/ELLE_27072023_Couv-2-922x1200.png 922w\" sizes=\"auto, (max-width: 2560px) 100vw, 2560px\" \/><\/div>\n<div class=\"edgtf-pli-text-holder\">\n\t<div class=\"edgtf-pli-text-wrapper\">\n\t\t<div class=\"edgtf-pli-text\">\n\t\t\t<div class=\"edgtf-pli-appear-item\">\n\t\t\t\t<div class=\"edgtf-pli-title-cat-holder\">\n\t\t\t\t\t\t<h4 itemprop=\"name\" class=\"edgtf-pli-title entry-title\" >\n\t\tELLE\t<\/h4>\n\t\t\t\t\t\n\t\t\t\t\t\t\t\t\t<\/div>\n\t\t\t<\/div>\n\t\t<\/div>\n\t<\/div>\n<\/div>\t\t\n\t\t<a itemprop=\"url\" class=\"edgtf-pli-link edgtf-block-drag-link\" href=\"https:\/\/ledonduvent.com\/en\/presse\/elle-cote-dazur\/\" target=\"_self\"><\/a>\n\t<\/div>\n<\/article><article class=\"edgtf-pl-item edgtf-item-space edgtf-pl-masonry-default post-2443 portfolio-item type-portfolio-item status-publish has-post-thumbnail hentry portfolio-category-presse\">\n\t<div class=\"edgtf-pl-item-inner\">\n\t\t<div class=\"edgtf-pli-image\">\n\t<img loading=\"lazy\" decoding=\"async\" width=\"1842\" height=\"2560\" src=\"https:\/\/ledonduvent.com\/wp-content\/uploads\/Couv_2022-scaled.jpg\" class=\"attachment-full size-full wp-post-image\" alt=\"\" srcset=\"https:\/\/ledonduvent.com\/wp-content\/uploads\/Couv_2022-scaled.jpg 1842w, https:\/\/ledonduvent.com\/wp-content\/uploads\/Couv_2022-216x300.jpg 216w, https:\/\/ledonduvent.com\/wp-content\/uploads\/Couv_2022-737x1024.jpg 737w, https:\/\/ledonduvent.com\/wp-content\/uploads\/Couv_2022-768x1067.jpg 768w, https:\/\/ledonduvent.com\/wp-content\/uploads\/Couv_2022-700x973.jpg 700w, https:\/\/ledonduvent.com\/wp-content\/uploads\/Couv_2022-864x1200.jpg 864w, https:\/\/ledonduvent.com\/wp-content\/uploads\/Couv_2022-1105x1536.jpg 1105w, https:\/\/ledonduvent.com\/wp-content\/uploads\/Couv_2022-1474x2048.jpg 1474w\" sizes=\"auto, (max-width: 1842px) 100vw, 1842px\" \/><\/div>\n<div class=\"edgtf-pli-text-holder\">\n\t<div class=\"edgtf-pli-text-wrapper\">\n\t\t<div class=\"edgtf-pli-text\">\n\t\t\t<div class=\"edgtf-pli-appear-item\">\n\t\t\t\t<div class=\"edgtf-pli-title-cat-holder\">\n\t\t\t\t\t\t<h4 itemprop=\"name\" class=\"edgtf-pli-title entry-title\" >\n\t\tVoiles et Voiliers\t<\/h4>\n\t\t\t\t\t\n\t\t\t\t\t\t\t\t\t<\/div>\n\t\t\t<\/div>\n\t\t<\/div>\n\t<\/div>\n<\/div>\t\t\n\t\t<a itemprop=\"url\" class=\"edgtf-pli-link edgtf-block-drag-link\" href=\"https:\/\/ledonduvent.com\/en\/presse\/voiles-et-voiliers\/\" target=\"_self\"><\/a>\n\t<\/div>\n<\/article><article class=\"edgtf-pl-item edgtf-item-space edgtf-pl-masonry-default post-2427 portfolio-item type-portfolio-item status-publish has-post-thumbnail hentry\">\n\t<div class=\"edgtf-pl-item-inner\">\n\t\t<div class=\"edgtf-pli-image\">\n\t<img loading=\"lazy\" decoding=\"async\" width=\"964\" height=\"922\" src=\"https:\/\/ledonduvent.com\/wp-content\/uploads\/50MIN-INSIDE-03072021_Couv-1.png\" class=\"attachment-full size-full wp-post-image\" alt=\"\" srcset=\"https:\/\/ledonduvent.com\/wp-content\/uploads\/50MIN-INSIDE-03072021_Couv-1.png 964w, https:\/\/ledonduvent.com\/wp-content\/uploads\/50MIN-INSIDE-03072021_Couv-1-300x287.png 300w, https:\/\/ledonduvent.com\/wp-content\/uploads\/50MIN-INSIDE-03072021_Couv-1-768x735.png 768w, https:\/\/ledonduvent.com\/wp-content\/uploads\/50MIN-INSIDE-03072021_Couv-1-700x670.png 700w\" sizes=\"auto, (max-width: 964px) 100vw, 964px\" \/><\/div>\n<div class=\"edgtf-pli-text-holder\">\n\t<div class=\"edgtf-pli-text-wrapper\">\n\t\t<div class=\"edgtf-pli-text\">\n\t\t\t<div class=\"edgtf-pli-appear-item\">\n\t\t\t\t<div class=\"edgtf-pli-title-cat-holder\">\n\t\t\t\t\t\t<h4 itemprop=\"name\" class=\"edgtf-pli-title entry-title\" >\n\t\t50&prime; inside\t<\/h4>\n\t\t\t\t\t\n\t\t\t\t\t\t\t\t\t<\/div>\n\t\t\t<\/div>\n\t\t<\/div>\n\t<\/div>\n<\/div>\t\t\n\t\t<a itemprop=\"url\" class=\"edgtf-pli-link edgtf-block-drag-link\" href=\"https:\/\/ledonduvent.com\/en\/presse\/50-inside\/\" target=\"_self\"><\/a>\n\t<\/div>\n<\/article><article class=\"edgtf-pl-item edgtf-item-space edgtf-pl-masonry-default post-2386 portfolio-item type-portfolio-item status-publish has-post-thumbnail hentry portfolio-category-presse\">\n\t<div class=\"edgtf-pl-item-inner\">\n\t\t<div class=\"edgtf-pli-image\">\n\t<img loading=\"lazy\" decoding=\"async\" width=\"617\" height=\"800\" src=\"https:\/\/ledonduvent.com\/wp-content\/uploads\/FIGARO_Couv.jpg\" class=\"attachment-full size-full wp-post-image\" alt=\"\" srcset=\"https:\/\/ledonduvent.com\/wp-content\/uploads\/FIGARO_Couv.jpg 617w, https:\/\/ledonduvent.com\/wp-content\/uploads\/FIGARO_Couv-231x300.jpg 231w\" sizes=\"auto, (max-width: 617px) 100vw, 617px\" \/><\/div>\n<div class=\"edgtf-pli-text-holder\">\n\t<div class=\"edgtf-pli-text-wrapper\">\n\t\t<div class=\"edgtf-pli-text\">\n\t\t\t<div class=\"edgtf-pli-appear-item\">\n\t\t\t\t<div class=\"edgtf-pli-title-cat-holder\">\n\t\t\t\t\t\t<h4 itemprop=\"name\" class=\"edgtf-pli-title entry-title\" >\n\t\tFigaro\t<\/h4>\n\t\t\t\t\t\n\t\t\t\t\t\t\t\t\t<\/div>\n\t\t\t<\/div>\n\t\t<\/div>\n\t<\/div>\n<\/div>\t\t\n\t\t<a itemprop=\"url\" class=\"edgtf-pli-link edgtf-block-drag-link\" href=\"https:\/\/ledonduvent.com\/en\/presse\/figaro\/\" target=\"_self\"><\/a>\n\t<\/div>\n<\/article><article class=\"edgtf-pl-item edgtf-item-space edgtf-pl-masonry-default post-2385 portfolio-item type-portfolio-item status-publish has-post-thumbnail hentry portfolio-category-presse\">\n\t<div class=\"edgtf-pl-item-inner\">\n\t\t<div class=\"edgtf-pli-image\">\n\t<img loading=\"lazy\" decoding=\"async\" width=\"608\" height=\"800\" src=\"https:\/\/ledonduvent.com\/wp-content\/uploads\/MARIECLAIRE_Couv.jpg\" class=\"attachment-full size-full wp-post-image\" alt=\"\" srcset=\"https:\/\/ledonduvent.com\/wp-content\/uploads\/MARIECLAIRE_Couv.jpg 608w, https:\/\/ledonduvent.com\/wp-content\/uploads\/MARIECLAIRE_Couv-228x300.jpg 228w\" sizes=\"auto, (max-width: 608px) 100vw, 608px\" \/><\/div>\n<div class=\"edgtf-pli-text-holder\">\n\t<div class=\"edgtf-pli-text-wrapper\">\n\t\t<div class=\"edgtf-pli-text\">\n\t\t\t<div class=\"edgtf-pli-appear-item\">\n\t\t\t\t<div class=\"edgtf-pli-title-cat-holder\">\n\t\t\t\t\t\t<h4 itemprop=\"name\" class=\"edgtf-pli-title entry-title\" >\n\t\tMarie claire\t<\/h4>\n\t\t\t\t\t\n\t\t\t\t\t\t\t\t\t<\/div>\n\t\t\t<\/div>\n\t\t<\/div>\n\t<\/div>\n<\/div>\t\t\n\t\t<a itemprop=\"url\" class=\"edgtf-pli-link edgtf-block-drag-link\" href=\"https:\/\/ledonduvent.com\/en\/presse\/marie-claire\/\" target=\"_self\"><\/a>\n\t<\/div>\n<\/article><article class=\"edgtf-pl-item edgtf-item-space edgtf-pl-masonry-default post-2382 portfolio-item type-portfolio-item status-publish has-post-thumbnail hentry portfolio-category-presse\">\n\t<div class=\"edgtf-pl-item-inner\">\n\t\t<div class=\"edgtf-pli-image\">\n\t<img loading=\"lazy\" decoding=\"async\" width=\"631\" height=\"800\" src=\"https:\/\/ledonduvent.com\/wp-content\/uploads\/FEMINA_Couv.jpg\" class=\"attachment-full size-full wp-post-image\" alt=\"\" srcset=\"https:\/\/ledonduvent.com\/wp-content\/uploads\/FEMINA_Couv.jpg 631w, https:\/\/ledonduvent.com\/wp-content\/uploads\/FEMINA_Couv-237x300.jpg 237w\" sizes=\"auto, (max-width: 631px) 100vw, 631px\" \/><\/div>\n<div class=\"edgtf-pli-text-holder\">\n\t<div class=\"edgtf-pli-text-wrapper\">\n\t\t<div class=\"edgtf-pli-text\">\n\t\t\t<div class=\"edgtf-pli-appear-item\">\n\t\t\t\t<div class=\"edgtf-pli-title-cat-holder\">\n\t\t\t\t\t\t<h4 itemprop=\"name\" class=\"edgtf-pli-title entry-title\" >\n\t\tFemina\t<\/h4>\n\t\t\t\t\t\n\t\t\t\t\t\t\t\t\t<\/div>\n\t\t\t<\/div>\n\t\t<\/div>\n\t<\/div>\n<\/div>\t\t\n\t\t<a itemprop=\"url\" class=\"edgtf-pli-link edgtf-block-drag-link\" href=\"https:\/\/ledonduvent.com\/en\/presse\/femina\/\" target=\"_self\"><\/a>\n\t<\/div>\n<\/article><article class=\"edgtf-pl-item edgtf-item-space edgtf-pl-masonry-default post-2383 portfolio-item type-portfolio-item status-publish has-post-thumbnail hentry portfolio-category-presse\">\n\t<div class=\"edgtf-pl-item-inner\">\n\t\t<div class=\"edgtf-pli-image\">\n\t<img loading=\"lazy\" decoding=\"async\" width=\"641\" height=\"800\" src=\"https:\/\/ledonduvent.com\/wp-content\/uploads\/TOUTMA_Couv.jpg\" class=\"attachment-full size-full wp-post-image\" alt=\"\" srcset=\"https:\/\/ledonduvent.com\/wp-content\/uploads\/TOUTMA_Couv.jpg 641w, https:\/\/ledonduvent.com\/wp-content\/uploads\/TOUTMA_Couv-240x300.jpg 240w\" sizes=\"auto, (max-width: 641px) 100vw, 641px\" \/><\/div>\n<div class=\"edgtf-pli-text-holder\">\n\t<div class=\"edgtf-pli-text-wrapper\">\n\t\t<div class=\"edgtf-pli-text\">\n\t\t\t<div class=\"edgtf-pli-appear-item\">\n\t\t\t\t<div class=\"edgtf-pli-title-cat-holder\">\n\t\t\t\t\t\t<h4 itemprop=\"name\" class=\"edgtf-pli-title entry-title\" >\n\t\tToutma\t<\/h4>\n\t\t\t\t\t\n\t\t\t\t\t\t\t\t\t<\/div>\n\t\t\t<\/div>\n\t\t<\/div>\n\t<\/div>\n<\/div>\t\t\n\t\t<a itemprop=\"url\" class=\"edgtf-pli-link edgtf-block-drag-link\" href=\"https:\/\/ledonduvent.com\/en\/presse\/toutma\/\" target=\"_self\"><\/a>\n\t<\/div>\n<\/article><article class=\"edgtf-pl-item edgtf-item-space edgtf-pl-masonry-default post-2384 portfolio-item type-portfolio-item status-publish has-post-thumbnail hentry portfolio-category-presse\">\n\t<div class=\"edgtf-pl-item-inner\">\n\t\t<div class=\"edgtf-pli-image\">\n\t<img loading=\"lazy\" decoding=\"async\" width=\"600\" height=\"800\" src=\"https:\/\/ledonduvent.com\/wp-content\/uploads\/VIVRE-MARSEILLE_Couv.jpg\" class=\"attachment-full size-full wp-post-image\" alt=\"\" srcset=\"https:\/\/ledonduvent.com\/wp-content\/uploads\/VIVRE-MARSEILLE_Couv.jpg 600w, https:\/\/ledonduvent.com\/wp-content\/uploads\/VIVRE-MARSEILLE_Couv-225x300.jpg 225w\" sizes=\"auto, (max-width: 600px) 100vw, 600px\" \/><\/div>\n<div class=\"edgtf-pli-text-holder\">\n\t<div class=\"edgtf-pli-text-wrapper\">\n\t\t<div class=\"edgtf-pli-text\">\n\t\t\t<div class=\"edgtf-pli-appear-item\">\n\t\t\t\t<div class=\"edgtf-pli-title-cat-holder\">\n\t\t\t\t\t\t<h4 itemprop=\"name\" class=\"edgtf-pli-title entry-title\" >\n\t\tVivre Marseille\t<\/h4>\n\t\t\t\t\t\n\t\t\t\t\t\t\t\t\t<\/div>\n\t\t\t<\/div>\n\t\t<\/div>\n\t<\/div>\n<\/div>\t\t\n\t\t<a itemprop=\"url\" class=\"edgtf-pli-link edgtf-block-drag-link\" href=\"https:\/\/ledonduvent.com\/en\/presse\/vivre-marseille\/\" target=\"_self\"><\/a>\n\t<\/div>\n<\/article><article class=\"edgtf-pl-item edgtf-item-space edgtf-pl-masonry-default post-2379 portfolio-item type-portfolio-item status-publish has-post-thumbnail hentry portfolio-category-presse\">\n\t<div class=\"edgtf-pl-item-inner\">\n\t\t<div class=\"edgtf-pli-image\">\n\t<img loading=\"lazy\" decoding=\"async\" width=\"566\" height=\"800\" src=\"https:\/\/ledonduvent.com\/wp-content\/uploads\/M_Couv.jpg\" class=\"attachment-full size-full wp-post-image\" alt=\"\" srcset=\"https:\/\/ledonduvent.com\/wp-content\/uploads\/M_Couv.jpg 566w, https:\/\/ledonduvent.com\/wp-content\/uploads\/M_Couv-212x300.jpg 212w\" sizes=\"auto, (max-width: 566px) 100vw, 566px\" \/><\/div>\n<div class=\"edgtf-pli-text-holder\">\n\t<div class=\"edgtf-pli-text-wrapper\">\n\t\t<div class=\"edgtf-pli-text\">\n\t\t\t<div class=\"edgtf-pli-appear-item\">\n\t\t\t\t<div class=\"edgtf-pli-title-cat-holder\">\n\t\t\t\t\t\t<h4 itemprop=\"name\" class=\"edgtf-pli-title entry-title\" >\n\t\tM\t<\/h4>\n\t\t\t\t\t\n\t\t\t\t\t\t\t\t\t<\/div>\n\t\t\t<\/div>\n\t\t<\/div>\n\t<\/div>\n<\/div>\t\t\n\t\t<a itemprop=\"url\" class=\"edgtf-pli-link edgtf-block-drag-link\" href=\"https:\/\/ledonduvent.com\/en\/presse\/m\/\" target=\"_self\"><\/a>\n\t<\/div>\n<\/article><article class=\"edgtf-pl-item edgtf-item-space edgtf-pl-masonry-default post-2381 portfolio-item type-portfolio-item status-publish has-post-thumbnail hentry portfolio-category-presse\">\n\t<div class=\"edgtf-pl-item-inner\">\n\t\t<div class=\"edgtf-pli-image\">\n\t<img loading=\"lazy\" decoding=\"async\" width=\"618\" height=\"800\" src=\"https:\/\/ledonduvent.com\/wp-content\/uploads\/LUI_Couv.jpg\" class=\"attachment-full size-full wp-post-image\" alt=\"\" srcset=\"https:\/\/ledonduvent.com\/wp-content\/uploads\/LUI_Couv.jpg 618w, https:\/\/ledonduvent.com\/wp-content\/uploads\/LUI_Couv-232x300.jpg 232w\" sizes=\"auto, (max-width: 618px) 100vw, 618px\" \/><\/div>\n<div class=\"edgtf-pli-text-holder\">\n\t<div class=\"edgtf-pli-text-wrapper\">\n\t\t<div class=\"edgtf-pli-text\">\n\t\t\t<div class=\"edgtf-pli-appear-item\">\n\t\t\t\t<div class=\"edgtf-pli-title-cat-holder\">\n\t\t\t\t\t\t<h4 itemprop=\"name\" class=\"edgtf-pli-title entry-title\" >\n\t\tLui\t<\/h4>\n\t\t\t\t\t\n\t\t\t\t\t\t\t\t\t<\/div>\n\t\t\t<\/div>\n\t\t<\/div>\n\t<\/div>\n<\/div>\t\t\n\t\t<a itemprop=\"url\" class=\"edgtf-pli-link edgtf-block-drag-link\" href=\"https:\/\/ledonduvent.com\/en\/presse\/lui\/\" target=\"_self\"><\/a>\n\t<\/div>\n<\/article><article class=\"edgtf-pl-item edgtf-item-space edgtf-pl-masonry-default post-2380 portfolio-item type-portfolio-item status-publish has-post-thumbnail hentry portfolio-category-presse\">\n\t<div class=\"edgtf-pl-item-inner\">\n\t\t<div class=\"edgtf-pli-image\">\n\t<img loading=\"lazy\" decoding=\"async\" width=\"601\" height=\"800\" src=\"https:\/\/ledonduvent.com\/wp-content\/uploads\/LIFE_Couv.jpg\" class=\"attachment-full size-full wp-post-image\" alt=\"\" srcset=\"https:\/\/ledonduvent.com\/wp-content\/uploads\/LIFE_Couv.jpg 601w, https:\/\/ledonduvent.com\/wp-content\/uploads\/LIFE_Couv-225x300.jpg 225w\" sizes=\"auto, (max-width: 601px) 100vw, 601px\" \/><\/div>\n<div class=\"edgtf-pli-text-holder\">\n\t<div class=\"edgtf-pli-text-wrapper\">\n\t\t<div class=\"edgtf-pli-text\">\n\t\t\t<div class=\"edgtf-pli-appear-item\">\n\t\t\t\t<div class=\"edgtf-pli-title-cat-holder\">\n\t\t\t\t\t\t<h4 itemprop=\"name\" class=\"edgtf-pli-title entry-title\" >\n\t\tLife\t<\/h4>\n\t\t\t\t\t\n\t\t\t\t\t\t\t\t\t<\/div>\n\t\t\t<\/div>\n\t\t<\/div>\n\t<\/div>\n<\/div>\t\t\n\t\t<a itemprop=\"url\" class=\"edgtf-pli-link edgtf-block-drag-link\" href=\"https:\/\/ledonduvent.com\/en\/presse\/life\/\" target=\"_self\"><\/a>\n\t<\/div>\n<\/article>\t<\/div>\n\t\n\t<\/div><\/div><\/div><\/div><\/div>","protected":false},"excerpt":{"rendered":"","protected":false},"author":2,"featured_media":0,"parent":0,"menu_order":0,"comment_status":"closed","ping_status":"closed","template":"","meta":{"inline_featured_image":false,"_uag_custom_page_level_css":"","footnotes":""},"class_list":["post-2339","page","type-page","status-publish","hentry"],"yoast_head":"<!-- This site is optimized with the Yoast SEO plugin v24.9 - https:\/\/yoast.com\/wordpress\/plugins\/seo\/ -->\n<title>Presse | Le Don du Vent<\/title>\n<meta name=\"robots\" content=\"index, follow, max-snippet:-1, max-image-preview:large, max-video-preview:-1\" \/>\n<link rel=\"canonical\" href=\"https:\/\/ledonduvent.com\/en\/presse-articles\/\" \/>\n<meta property=\"og:locale\" content=\"en_GB\" \/>\n<meta property=\"og:type\" content=\"article\" \/>\n<meta property=\"og:title\" content=\"Presse | Le Don du Vent\" \/>\n<meta property=\"og:url\" content=\"https:\/\/ledonduvent.com\/en\/presse-articles\/\" \/>\n<meta property=\"og:site_name\" content=\"Le Don du Vent\" \/>\n<meta property=\"article:publisher\" content=\"https:\/\/www.facebook.com\/ledonduvent\/\" \/>\n<meta property=\"article:modified_time\" content=\"2025-05-09T10:48:34+00:00\" \/>\n<meta property=\"og:image\" content=\"https:\/\/ledonduvent.com\/wp-content\/uploads\/DDV-SOCIALSHARE.png\" \/>\n\t<meta property=\"og:image:width\" content=\"1819\" \/>\n\t<meta property=\"og:image:height\" content=\"633\" \/>\n\t<meta property=\"og:image:type\" content=\"image\/png\" \/>\n<meta name=\"twitter:card\" content=\"summary_large_image\" \/>\n<meta name=\"twitter:label1\" content=\"Estimated reading time\" \/>\n\t<meta name=\"twitter:data1\" content=\"1 minute\" \/>\n<script type=\"application\/ld+json\" class=\"yoast-schema-graph\">{\"@context\":\"https:\/\/schema.org\",\"@graph\":[{\"@type\":\"WebPage\",\"@id\":\"https:\/\/ledonduvent.com\/presse-articles\/\",\"url\":\"https:\/\/ledonduvent.com\/presse-articles\/\",\"name\":\"Presse | Le Don du Vent\",\"isPartOf\":{\"@id\":\"https:\/\/ledonduvent.com\/#website\"},\"datePublished\":\"2022-01-26T09:14:00+00:00\",\"dateModified\":\"2025-05-09T10:48:34+00:00\",\"breadcrumb\":{\"@id\":\"https:\/\/ledonduvent.com\/presse-articles\/#breadcrumb\"},\"inLanguage\":\"en-GB\",\"potentialAction\":[{\"@type\":\"ReadAction\",\"target\":[\"https:\/\/ledonduvent.com\/presse-articles\/\"]}]},{\"@type\":\"BreadcrumbList\",\"@id\":\"https:\/\/ledonduvent.com\/presse-articles\/#breadcrumb\",\"itemListElement\":[{\"@type\":\"ListItem\",\"position\":1,\"name\":\"Accueil\",\"item\":\"https:\/\/ledonduvent.com\/\"},{\"@type\":\"ListItem\",\"position\":2,\"name\":\"Presse\"}]},{\"@type\":\"WebSite\",\"@id\":\"https:\/\/ledonduvent.com\/#website\",\"url\":\"https:\/\/ledonduvent.com\/\",\"name\":\"Le Don du Vent\",\"description\":\"Bateau d&#039;Int\u00e9r\u00eat Patrimonial | Parc des Calanques | Location de Voilier \u00e0 Marseille\",\"publisher\":{\"@id\":\"https:\/\/ledonduvent.com\/#organization\"},\"potentialAction\":[{\"@type\":\"SearchAction\",\"target\":{\"@type\":\"EntryPoint\",\"urlTemplate\":\"https:\/\/ledonduvent.com\/?s={search_term_string}\"},\"query-input\":{\"@type\":\"PropertyValueSpecification\",\"valueRequired\":true,\"valueName\":\"search_term_string\"}}],\"inLanguage\":\"en-GB\"},{\"@type\":\"Organization\",\"@id\":\"https:\/\/ledonduvent.com\/#organization\",\"name\":\"Le Don du Vent\",\"url\":\"https:\/\/ledonduvent.com\/\",\"logo\":{\"@type\":\"ImageObject\",\"inLanguage\":\"en-GB\",\"@id\":\"https:\/\/ledonduvent.com\/#\/schema\/logo\/image\/\",\"url\":\"https:\/\/ledonduvent.com\/wp-content\/uploads\/facebook-ledonduvent.jpg\",\"contentUrl\":\"https:\/\/ledonduvent.com\/wp-content\/uploads\/facebook-ledonduvent.jpg\",\"width\":1200,\"height\":630,\"caption\":\"Le Don du Vent\"},\"image\":{\"@id\":\"https:\/\/ledonduvent.com\/#\/schema\/logo\/image\/\"},\"sameAs\":[\"https:\/\/www.facebook.com\/ledonduvent\/\",\"https:\/\/www.instagram.com\/ledonduvent\/\",\"https:\/\/fr.linkedin.com\/in\/benoit-bouchet-8b45052a\"]}]}<\/script>\n<!-- \/ Yoast SEO plugin. -->","yoast_head_json":{"title":"Presse | Le Don du Vent","robots":{"index":"index","follow":"follow","max-snippet":"max-snippet:-1","max-image-preview":"max-image-preview:large","max-video-preview":"max-video-preview:-1"},"canonical":"https:\/\/ledonduvent.com\/en\/presse-articles\/","og_locale":"en_GB","og_type":"article","og_title":"Presse | Le Don du Vent","og_url":"https:\/\/ledonduvent.com\/en\/presse-articles\/","og_site_name":"Le Don du Vent","article_publisher":"https:\/\/www.facebook.com\/ledonduvent\/","article_modified_time":"2025-05-09T10:48:34+00:00","og_image":[{"width":1819,"height":633,"url":"https:\/\/ledonduvent.com\/wp-content\/uploads\/DDV-SOCIALSHARE.png","type":"image\/png"}],"twitter_card":"summary_large_image","twitter_misc":{"Estimated reading time":"1 minute"},"schema":{"@context":"https:\/\/schema.org","@graph":[{"@type":"WebPage","@id":"https:\/\/ledonduvent.com\/presse-articles\/","url":"https:\/\/ledonduvent.com\/presse-articles\/","name":"Presse | Le Don du Vent","isPartOf":{"@id":"https:\/\/ledonduvent.com\/#website"},"datePublished":"2022-01-26T09:14:00+00:00","dateModified":"2025-05-09T10:48:34+00:00","breadcrumb":{"@id":"https:\/\/ledonduvent.com\/presse-articles\/#breadcrumb"},"inLanguage":"en-GB","potentialAction":[{"@type":"ReadAction","target":["https:\/\/ledonduvent.com\/presse-articles\/"]}]},{"@type":"BreadcrumbList","@id":"https:\/\/ledonduvent.com\/presse-articles\/#breadcrumb","itemListElement":[{"@type":"ListItem","position":1,"name":"Accueil","item":"https:\/\/ledonduvent.com\/"},{"@type":"ListItem","position":2,"name":"Presse"}]},{"@type":"WebSite","@id":"https:\/\/ledonduvent.com\/#website","url":"https:\/\/ledonduvent.com\/","name":"Le Don du Vent","description":"Bateau d&#039;Int\u00e9r\u00eat Patrimonial | Parc des Calanques | Location de Voilier \u00e0 Marseille","publisher":{"@id":"https:\/\/ledonduvent.com\/#organization"},"potentialAction":[{"@type":"SearchAction","target":{"@type":"EntryPoint","urlTemplate":"https:\/\/ledonduvent.com\/?s={search_term_string}"},"query-input":{"@type":"PropertyValueSpecification","valueRequired":true,"valueName":"search_term_string"}}],"inLanguage":"en-GB"},{"@type":"Organization","@id":"https:\/\/ledonduvent.com\/#organization","name":"Le Don du Vent","url":"https:\/\/ledonduvent.com\/","logo":{"@type":"ImageObject","inLanguage":"en-GB","@id":"https:\/\/ledonduvent.com\/#\/schema\/logo\/image\/","url":"https:\/\/ledonduvent.com\/wp-content\/uploads\/facebook-ledonduvent.jpg","contentUrl":"https:\/\/ledonduvent.com\/wp-content\/uploads\/facebook-ledonduvent.jpg","width":1200,"height":630,"caption":"Le Don du Vent"},"image":{"@id":"https:\/\/ledonduvent.com\/#\/schema\/logo\/image\/"},"sameAs":["https:\/\/www.facebook.com\/ledonduvent\/","https:\/\/www.instagram.com\/ledonduvent\/","https:\/\/fr.linkedin.com\/in\/benoit-bouchet-8b45052a"]}]}},"uagb_featured_image_src":{"full":false,"thumbnail":false,"medium":false,"medium_large":false,"large":false,"1536x1536":false,"2048x2048":false,"trp-custom-language-flag":false,"aalto_edge_square":false,"aalto_edge_landscape":false,"aalto_edge_portrait":false,"aalto_edge_huge":false,"photoswipe_thumbnails":false,"photoswipe_full":false},"uagb_author_info":{"display_name":"admin","author_link":"https:\/\/ledonduvent.com\/en\/author\/admin\/"},"uagb_comment_info":0,"uagb_excerpt":null,"_links":{"self":[{"href":"https:\/\/ledonduvent.com\/en\/wp-json\/wp\/v2\/pages\/2339","targetHints":{"allow":["GET"]}}],"collection":[{"href":"https:\/\/ledonduvent.com\/en\/wp-json\/wp\/v2\/pages"}],"about":[{"href":"https:\/\/ledonduvent.com\/en\/wp-json\/wp\/v2\/types\/page"}],"author":[{"embeddable":true,"href":"https:\/\/ledonduvent.com\/en\/wp-json\/wp\/v2\/users\/2"}],"replies":[{"embeddable":true,"href":"https:\/\/ledonduvent.com\/en\/wp-json\/wp\/v2\/comments?post=2339"}],"version-history":[{"count":13,"href":"https:\/\/ledonduvent.com\/en\/wp-json\/wp\/v2\/pages\/2339\/revisions"}],"predecessor-version":[{"id":2393,"href":"https:\/\/ledonduvent.com\/en\/wp-json\/wp\/v2\/pages\/2339\/revisions\/2393"}],"wp:attachment":[{"href":"https:\/\/ledonduvent.com\/en\/wp-json\/wp\/v2\/media?parent=2339"}],"curies":[{"name":"wp","href":"https:\/\/api.w.org\/{rel}","templated":true}]}}